{"id":1167,"date":"2021-01-05T01:33:00","date_gmt":"2021-01-04T23:33:00","guid":{"rendered":"http:\/\/www.kriesi.at\/themes\/enfold\/?page_id=1167"},"modified":"2023-10-15T09:20:46","modified_gmt":"2023-10-15T07:20:46","slug":"contact","status":"publish","type":"page","link":"https:\/\/granito-plokstes.lt\/?page_id=1167","title":{"rendered":"Kontaktai"},"content":{"rendered":"<div class=\"flex_column av_one_full  flex_column_div first  avia-builder-el-0  avia-builder-el-no-sibling  \" ><p><div  style='padding-bottom:10px; ' class='av-special-heading av-special-heading-h3 meta-heading   avia-builder-el-1  el_before_av_codeblock  avia-builder-el-first  '><h3 class='av-special-heading-tag '  itemprop=\"headline\"  >Kaip mus rasti<\/h3><div class='special-heading-border'><div class='special-heading-inner-border' ><\/div><\/div><\/div><br \/>\n<br \/>\n<div  style='padding-bottom:10px; ' class='av-special-heading av-special-heading-h3 meta-heading   avia-builder-el-3  el_after_av_codeblock  el_before_av_textblock  '><h3 class='av-special-heading-tag '  itemprop=\"headline\"  >Ra\u0161ykite, skambinkite&#8230;<\/h3><div class='special-heading-border'><div class='special-heading-inner-border' ><\/div><\/div><\/div><br \/>\n<section class=\"av_textblock_section \"  itemscope=\"itemscope\" itemtype=\"https:\/\/schema.org\/CreativeWork\" ><div class='avia_textblock  '   itemprop=\"text\" ><p>El.pa\u0161tas: <a href=\"mailto:info@granito-plokstes.lt\">info@granito-plokstes.lt<\/a><\/p>\n<p>Telefonas: +370 680 27169<br \/>\n<a href=\"https:\/\/wa.me\/37068027169\"> WhatsApp<\/a><br \/>\n<a href=\"viber:\/\/chat?number=37068027169\"> Viber<\/a><\/p>\n<p>Adresas:<br \/>\n\u0160iauli\u0173 rajonas. Kaimi\u0161koji seni\u016bnija, \u0160iauliai,<\/p>\n<p>Darbo laikas<br \/>\nPirmadienis \u2013 penktadienis 8.00 \u2013 20.00 val.<br \/>\n\u0160e\u0161tadieniais 08.00 \u2013 18.00 val.<br \/>\nSekmadieniais 09.00 \u2013 16.00 val.<br \/>\n* esant skubiam atvejui skambinkite ir iki 22.00 val.<\/p>\n<h6>Prie\u0161 atvykstant b\u016bt\u0173 malonu, jog pasiskambintum\u0117te. Galime b\u016bti i\u0161vyk\u0119.<\/h6>\n<\/div><\/section><br \/>\n<div  style='padding-bottom:10px; ' class='av-special-heading av-special-heading-h3 meta-heading   avia-builder-el-5  el_after_av_textblock  el_before_av_contact  '><h3 class='av-special-heading-tag '  itemprop=\"headline\"  >Para\u0161ykite mums<\/h3><div class='special-heading-border'><div class='special-heading-inner-border' ><\/div><\/div><\/div><br \/>\n<form action=\"https:\/\/granito-plokstes.lt\/?page_id=1167\" method=\"post\"  class=\"avia_ajax_form av-form-labels-visible   avia-builder-el-6  el_after_av_heading  avia-builder-el-last   \" data-avia-form-id=\"1\" data-avia-redirect='' ><fieldset><p class='  first_form  form_element form_element_half' id='element_avia_1_1'><label for=\"avia_1_1\">J\u016bs\u0173 vardas <abbr class=\"required\" title=\"required\">*<\/abbr><\/label> <input name=\"avia_1_1\" class=\"text_input is_empty\" type=\"text\" id=\"avia_1_1\" value=\"\" \/><\/p><p class='  first_form  form_element form_fullwidth' id='element_avia_2_1'><label for=\"avia_2_1\">Miestas <abbr class=\"required\" title=\"required\">*<\/abbr><\/label> <input name=\"avia_2_1\" class=\"text_input is_empty\" type=\"text\" id=\"avia_2_1\" value=\"\" \/><\/p><p class='  first_form  form_element form_element_half' id='element_avia_3_1'><label for=\"avia_3_1\">J\u016bs\u0173 el.pa\u0161to adresas <abbr class=\"required\" title=\"required\">*<\/abbr><\/label> <input name=\"avia_3_1\" class=\"text_input is_email\" type=\"text\" id=\"avia_3_1\" value=\"\" \/><\/p><p class='  first_form  form_element form_fullwidth' id='element_avia_4_1'><label for=\"avia_4_1\">Tema <abbr class=\"required\" title=\"required\">*<\/abbr><\/label> <input name=\"avia_4_1\" class=\"text_input is_empty\" type=\"text\" id=\"avia_4_1\" value=\"\" \/><\/p><p class='  first_form  form_element form_fullwidth' id='element_avia_5_1'><label for=\"avia_5_1\" class=\"textare_label hidden textare_label_avia_5_1\">\u017dinut\u0117s tekstas <abbr class=\"required\" title=\"required\">*<\/abbr><\/label><textarea  name=\"avia_5_1\" class=\"text_area is_empty\" cols=\"40\" rows=\"7\" id=\"avia_5_1\" ><\/textarea><\/p><p class=\"hidden\"><input type=\"text\" name=\"avia_6_1\" class=\"hidden \" id=\"avia_6_1\" value=\"\" \/><\/p><p class='   form_element form_fullwidth' id='element_avia_7_1'><span class='value_verifier_label'>5 + 3 = ?<\/span><input name=\"avia_7_1_verifier\" type=\"hidden\" id=\"avia_7_1_verifier\" value=\"444666788\"\/><label for=\"avia_7_1\">Pra\u0161ome \u012frodyti, kad esate \u017emogus, i\u0161sprend\u0119 lygt\u012f <abbr class=\"required\" title=\"required\">*<\/abbr><\/label><input name=\"avia_7_1\" class=\"text_input captcha\" type=\"text\" id=\"avia_7_1\" value=\"\"\/><\/p><p class=\"form_element \"><input type=\"hidden\" value=\"1\" name=\"avia_generated_form1\" \/><input type=\"submit\" value=\"Si\u0173sti\" class=\"button\"  data-sending-label=\"Sending\"\/><\/p><\/fieldset><\/form><div id=\"ajaxresponse_1\" class=\"ajaxresponse ajaxresponse_1 hidden\"><\/div><\/p><\/div>\n","protected":false},"excerpt":{"rendered":"","protected":false},"author":2,"featured_media":0,"parent":0,"menu_order":0,"comment_status":"open","ping_status":"open","template":"","meta":[],"yoast_head":"<!-- This site is optimized with the Yoast SEO Premium plugin v15.7 - https:\/\/yoast.com\/wordpress\/plugins\/seo\/ -->\n<title>Kontaktai - Granito plok\u0161t\u0117s Granito plok\u0161t\u0117s. Kaip mus rasti. Dirbame Lietuvoje ir Latvijoje.| \u0413\u0440\u0430\u043d\u0438\u0442\u043d\u044b\u0435 \u043f\u043b\u0438\u0442\u044b \u0434\u043b\u044f \u043a\u043b\u0430\u0434\u0431\u0438\u0449\u0430<\/title>\n<meta name=\"description\" content=\"Kaip mus rasti. Dirbame Lietuvoje ir Latvijoje. | \u041e\u0431\u043b\u0438\u0446\u043e\u0432\u043a\u0430 \u0437\u0430\u0445\u043e\u0440\u043e\u043d\u0435\u043d\u0438\u044f \u0433\u0440\u0430\u043d\u0438\u0442\u043d\u044b\u043c\u0438 \u043f\u043b\u0438\u0442\u0430\u043c\u0438, \u043e\u0433\u0440\u0430\u0434\u044b, \u043d\u0430\u0434\u0433\u0440\u043e\u0431\u0438\u044f, \u0438\u0437\u0433\u043e\u0442\u043e\u0432\u043b\u0435\u043d\u0438\u0435 \u043f\u0430\u043c\u044f\u0442\u043d\u0438\u043a\u043e\u0432\" \/>\n<meta name=\"robots\" content=\"index, follow, max-snippet:-1, max-image-preview:large, max-video-preview:-1\" \/>\n<link rel=\"canonical\" href=\"https:\/\/granito-plokstes.lt\/?page_id=1167\" \/>\n<meta property=\"og:locale\" content=\"lt_LT\" \/>\n<meta property=\"og:type\" content=\"article\" \/>\n<meta property=\"og:title\" content=\"Kontaktai - Granito plok\u0161t\u0117s Granito plok\u0161t\u0117s. Kaip mus rasti. Dirbame Lietuvoje ir Latvijoje.| \u0413\u0440\u0430\u043d\u0438\u0442\u043d\u044b\u0435 \u043f\u043b\u0438\u0442\u044b \u0434\u043b\u044f \u043a\u043b\u0430\u0434\u0431\u0438\u0449\u0430\" \/>\n<meta property=\"og:description\" content=\"Kaip mus rasti. Dirbame Lietuvoje ir Latvijoje. | \u041e\u0431\u043b\u0438\u0446\u043e\u0432\u043a\u0430 \u0437\u0430\u0445\u043e\u0440\u043e\u043d\u0435\u043d\u0438\u044f \u0433\u0440\u0430\u043d\u0438\u0442\u043d\u044b\u043c\u0438 \u043f\u043b\u0438\u0442\u0430\u043c\u0438, \u043e\u0433\u0440\u0430\u0434\u044b, \u043d\u0430\u0434\u0433\u0440\u043e\u0431\u0438\u044f, \u0438\u0437\u0433\u043e\u0442\u043e\u0432\u043b\u0435\u043d\u0438\u0435 \u043f\u0430\u043c\u044f\u0442\u043d\u0438\u043a\u043e\u0432\" \/>\n<meta property=\"og:url\" content=\"https:\/\/granito-plokstes.lt\/?page_id=1167\" \/>\n<meta property=\"og:site_name\" content=\"Granito plok\u0161t\u0117s\" \/>\n<meta property=\"article:publisher\" content=\"https:\/\/www.facebook.com\/1paminklai\" \/>\n<meta property=\"article:modified_time\" content=\"2023-10-15T07:20:46+00:00\" \/>\n<meta name=\"twitter:card\" content=\"summary_large_image\" \/>\n<meta name=\"twitter:label1\" content=\"Est. reading time\">\n\t<meta name=\"twitter:data1\" content=\"2 minut\u0117s\">\n<script type=\"application\/ld+json\" class=\"yoast-schema-graph\">{\"@context\":\"https:\/\/schema.org\",\"@graph\":[{\"@type\":\"Organization\",\"@id\":\"https:\/\/granito-plokstes.lt\/#organization\",\"name\":\"Granito plok\\u0161t\\u0117s, paminklai, plytel\\u0117s, skalda\",\"url\":\"https:\/\/granito-plokstes.lt\/\",\"sameAs\":[\"https:\/\/www.facebook.com\/1paminklai\"],\"logo\":{\"@type\":\"ImageObject\",\"@id\":\"https:\/\/granito-plokstes.lt\/#logo\",\"inLanguage\":\"lt-LT\",\"url\":\"https:\/\/granito-plokstes.lt\/wp-content\/uploads\/2021\/01\/granito_plokstes_logo2.png\",\"width\":350,\"height\":218,\"caption\":\"Granito plok\\u0161t\\u0117s, paminklai, plytel\\u0117s, skalda\"},\"image\":{\"@id\":\"https:\/\/granito-plokstes.lt\/#logo\"}},{\"@type\":\"WebSite\",\"@id\":\"https:\/\/granito-plokstes.lt\/#website\",\"url\":\"https:\/\/granito-plokstes.lt\/\",\"name\":\"Granito plok\\u0161t\\u0117s\",\"description\":\"Mes galime j\\u016bs\\u0173 vizija paversti realybe\",\"publisher\":{\"@id\":\"https:\/\/granito-plokstes.lt\/#organization\"},\"potentialAction\":[{\"@type\":\"SearchAction\",\"target\":\"https:\/\/granito-plokstes.lt\/?s={search_term_string}\",\"query-input\":\"required name=search_term_string\"}],\"inLanguage\":\"lt-LT\"},{\"@type\":\"WebPage\",\"@id\":\"https:\/\/granito-plokstes.lt\/?page_id=1167#webpage\",\"url\":\"https:\/\/granito-plokstes.lt\/?page_id=1167\",\"name\":\"Kontaktai - Granito plok\\u0161t\\u0117s Granito plok\\u0161t\\u0117s. Kaip mus rasti. Dirbame Lietuvoje ir Latvijoje.| \\u0413\\u0440\\u0430\\u043d\\u0438\\u0442\\u043d\\u044b\\u0435 \\u043f\\u043b\\u0438\\u0442\\u044b \\u0434\\u043b\\u044f \\u043a\\u043b\\u0430\\u0434\\u0431\\u0438\\u0449\\u0430\",\"isPartOf\":{\"@id\":\"https:\/\/granito-plokstes.lt\/#website\"},\"datePublished\":\"2021-01-04T23:33:00+00:00\",\"dateModified\":\"2023-10-15T07:20:46+00:00\",\"description\":\"Kaip mus rasti. Dirbame Lietuvoje ir Latvijoje. | \\u041e\\u0431\\u043b\\u0438\\u0446\\u043e\\u0432\\u043a\\u0430 \\u0437\\u0430\\u0445\\u043e\\u0440\\u043e\\u043d\\u0435\\u043d\\u0438\\u044f \\u0433\\u0440\\u0430\\u043d\\u0438\\u0442\\u043d\\u044b\\u043c\\u0438 \\u043f\\u043b\\u0438\\u0442\\u0430\\u043c\\u0438, \\u043e\\u0433\\u0440\\u0430\\u0434\\u044b, \\u043d\\u0430\\u0434\\u0433\\u0440\\u043e\\u0431\\u0438\\u044f, \\u0438\\u0437\\u0433\\u043e\\u0442\\u043e\\u0432\\u043b\\u0435\\u043d\\u0438\\u0435 \\u043f\\u0430\\u043c\\u044f\\u0442\\u043d\\u0438\\u043a\\u043e\\u0432\",\"inLanguage\":\"lt-LT\",\"potentialAction\":[{\"@type\":\"ReadAction\",\"target\":[\"https:\/\/granito-plokstes.lt\/?page_id=1167\"]}]}]}<\/script>\n<!-- \/ Yoast SEO Premium plugin. -->","_links":{"self":[{"href":"https:\/\/granito-plokstes.lt\/index.php?rest_route=\/wp\/v2\/pages\/1167"}],"collection":[{"href":"https:\/\/granito-plokstes.lt\/index.php?rest_route=\/wp\/v2\/pages"}],"about":[{"href":"https:\/\/granito-plokstes.lt\/index.php?rest_route=\/wp\/v2\/types\/page"}],"author":[{"embeddable":true,"href":"https:\/\/granito-plokstes.lt\/index.php?rest_route=\/wp\/v2\/users\/2"}],"replies":[{"embeddable":true,"href":"https:\/\/granito-plokstes.lt\/index.php?rest_route=%2Fwp%2Fv2%2Fcomments&post=1167"}],"version-history":[{"count":26,"href":"https:\/\/granito-plokstes.lt\/index.php?rest_route=\/wp\/v2\/pages\/1167\/revisions"}],"predecessor-version":[{"id":16856,"href":"https:\/\/granito-plokstes.lt\/index.php?rest_route=\/wp\/v2\/pages\/1167\/revisions\/16856"}],"wp:attachment":[{"href":"https:\/\/granito-plokstes.lt\/index.php?rest_route=%2Fwp%2Fv2%2Fmedia&parent=1167"}],"curies":[{"name":"wp","href":"https:\/\/api.w.org\/{rel}","templated":true}]}}