{"id":16484,"date":"2021-01-20T17:18:09","date_gmt":"2021-01-20T15:18:09","guid":{"rendered":"https:\/\/granito-plokstes.lt\/?page_id=16484"},"modified":"2021-02-10T15:57:04","modified_gmt":"2021-02-10T13:57:04","slug":"shortcodes-2-2","status":"publish","type":"page","link":"https:\/\/granito-plokstes.lt\/?page_id=16484","title":{"rendered":"Plok\u0161t\u0117mis dengti kapai"},"content":{"rendered":"<div  class='avia-gallery  avia-gallery-1 avia_lazyload avia-gallery-animate avia_animate_when_visible  avia-builder-el-0  el_before_av_heading  avia-builder-el-first '  itemprop=\"image\" itemscope=\"itemscope\" itemtype=\"https:\/\/schema.org\/ImageObject\" ><div class='avia-gallery-thumb'> <a href='https:\/\/granito-plokstes.lt\/wp-content\/uploads\/2021\/01\/PigAs_paminklai_A-iauliuose_KapA\u00b3_prieA\u00beiAra_Visi_kapiniA\u00b3_darbai_antkapiai_Paminklai-1030x795.jpg' data-rel='gallery-1' data-prev-img='https:\/\/granito-plokstes.lt\/wp-content\/uploads\/2021\/01\/PigAs_paminklai_A-iauliuose_KapA\u00b3_prieA\u00beiAra_Visi_kapiniA\u00b3_darbai_antkapiai_Paminklai-495x400.jpg' class='first_thumb lightbox ' data-onclick='1' title='Pig\u00c5\u00abs_paminklai_\u00c5\u00a0iauliuose,_Kap\u00c5\u00b3_prie\u00c5\u00bei\u00c5\u00abra,_Visi_kapini\u00c5\u00b3_darbai,_antkapiai,_Paminklai'  itemprop=\"thumbnailUrl\"  ><img loading=\"lazy\" class=\"wp-image-16476 avia-img-lazy-loading-16476\"   src=\"https:\/\/granito-plokstes.lt\/wp-content\/uploads\/2021\/01\/PigAs_paminklai_A-iauliuose_KapA\u00b3_prieA\u00beiAra_Visi_kapiniA\u00b3_darbai_antkapiai_Paminklai-845x684.jpg\" width=\"845\" height=\"684\"  title='Pig\u00c5\u00abs_paminklai_\u00c5\u00a0iauliuose,_Kap\u00c5\u00b3_prie\u00c5\u00bei\u00c5\u00abra,_Visi_kapini\u00c5\u00b3_darbai,_antkapiai,_Paminklai' alt='' srcset=\"https:\/\/granito-plokstes.lt\/wp-content\/uploads\/2021\/01\/PigAs_paminklai_A-iauliuose_KapA\u00b3_prieA\u00beiAra_Visi_kapiniA\u00b3_darbai_antkapiai_Paminklai-845x684.jpg 845w, https:\/\/granito-plokstes.lt\/wp-content\/uploads\/2021\/01\/PigAs_paminklai_A-iauliuose_KapA\u00b3_prieA\u00beiAra_Visi_kapiniA\u00b3_darbai_antkapiai_Paminklai-495x400.jpg 495w\" sizes=\"(max-width: 845px) 100vw, 845px\" \/><\/a> <a href='https:\/\/granito-plokstes.lt\/wp-content\/uploads\/2021\/01\/DSC01082-1030x773.jpg' data-rel='gallery-1' data-prev-img='https:\/\/granito-plokstes.lt\/wp-content\/uploads\/2021\/01\/DSC01082-495x400.jpg' class='lightbox ' data-onclick='2' title='DSC01082'  itemprop=\"thumbnailUrl\"  ><img loading=\"lazy\" class=\"wp-image-16473 avia-img-lazy-loading-16473\"   src=\"https:\/\/granito-plokstes.lt\/wp-content\/uploads\/2021\/01\/DSC01082-845x684.jpg\" width=\"845\" height=\"684\"  title='DSC01082' alt='' srcset=\"https:\/\/granito-plokstes.lt\/wp-content\/uploads\/2021\/01\/DSC01082-845x684.jpg 845w, https:\/\/granito-plokstes.lt\/wp-content\/uploads\/2021\/01\/DSC01082-495x400.jpg 495w\" sizes=\"(max-width: 845px) 100vw, 845px\" \/><\/a> <a href='https:\/\/granito-plokstes.lt\/wp-content\/uploads\/2021\/01\/Nuotrauka-0042-1.jpg' data-rel='gallery-1' data-prev-img='https:\/\/granito-plokstes.lt\/wp-content\/uploads\/2021\/01\/Nuotrauka-0042-1-495x400.jpg' class='lightbox ' data-onclick='3' title='Nuotrauka-0042 (1)'  itemprop=\"thumbnailUrl\"  ><img loading=\"lazy\" class=\"wp-image-16474 avia-img-lazy-loading-16474\"   src=\"https:\/\/granito-plokstes.lt\/wp-content\/uploads\/2021\/01\/Nuotrauka-0042-1-845x684.jpg\" width=\"845\" height=\"684\"  title='Nuotrauka-0042 (1)' alt='' srcset=\"https:\/\/granito-plokstes.lt\/wp-content\/uploads\/2021\/01\/Nuotrauka-0042-1-845x684.jpg 845w, https:\/\/granito-plokstes.lt\/wp-content\/uploads\/2021\/01\/Nuotrauka-0042-1-495x400.jpg 495w\" sizes=\"(max-width: 845px) 100vw, 845px\" \/><\/a> <a href='https:\/\/granito-plokstes.lt\/wp-content\/uploads\/2021\/01\/1464928322222.jpg' data-rel='gallery-1' data-prev-img='https:\/\/granito-plokstes.lt\/wp-content\/uploads\/2021\/01\/1464928322222-495x293.jpg' class='lightbox ' data-onclick='4' title='1464928322222'  itemprop=\"thumbnailUrl\"  ><img loading=\"lazy\" class=\"wp-image-16471 avia-img-lazy-loading-16471\"   src=\"https:\/\/granito-plokstes.lt\/wp-content\/uploads\/2021\/01\/1464928322222.jpg\" width=\"520\" height=\"293\"  title='1464928322222' alt='' srcset=\"https:\/\/granito-plokstes.lt\/wp-content\/uploads\/2021\/01\/1464928322222.jpg 520w, https:\/\/granito-plokstes.lt\/wp-content\/uploads\/2021\/01\/1464928322222-300x169.jpg 300w\" sizes=\"(max-width: 520px) 100vw, 520px\" \/><\/a> <a href='https:\/\/granito-plokstes.lt\/wp-content\/uploads\/2018\/01\/Plokstes-is-Aurora-granito-isklotos-raudonos-trinkeles.jpg' data-rel='gallery-1' data-prev-img='https:\/\/granito-plokstes.lt\/wp-content\/uploads\/2018\/01\/Plokstes-is-Aurora-granito-isklotos-raudonos-trinkeles.jpg' class='lightbox ' data-onclick='5' title='Plokstes is ,,Aurora&#039;&#039; granito, isklotos raudonos trinkeles'  itemprop=\"thumbnailUrl\"  ><img loading=\"lazy\" class=\"wp-image-16040 avia-img-lazy-loading-16040\"   src=\"https:\/\/granito-plokstes.lt\/wp-content\/uploads\/2018\/01\/Plokstes-is-Aurora-granito-isklotos-raudonos-trinkeles.jpg\" width=\"672\" height=\"525\"  title='Plokstes is ,,Aurora&#039;&#039; granito, isklotos raudonos trinkeles' alt='' srcset=\"https:\/\/granito-plokstes.lt\/wp-content\/uploads\/2018\/01\/Plokstes-is-Aurora-granito-isklotos-raudonos-trinkeles.jpg 672w, https:\/\/granito-plokstes.lt\/wp-content\/uploads\/2018\/01\/Plokstes-is-Aurora-granito-isklotos-raudonos-trinkeles-300x234.jpg 300w\" sizes=\"(max-width: 672px) 100vw, 672px\" \/><\/a> <a href='https:\/\/granito-plokstes.lt\/wp-content\/uploads\/2021\/01\/1464928322692.jpg' data-rel='gallery-1' data-prev-img='https:\/\/granito-plokstes.lt\/wp-content\/uploads\/2021\/01\/1464928322692-495x293.jpg' class='first_thumb lightbox ' data-onclick='6' title='1464928322692'  itemprop=\"thumbnailUrl\"  ><img loading=\"lazy\" class=\"wp-image-16472 avia-img-lazy-loading-16472\"   src=\"https:\/\/granito-plokstes.lt\/wp-content\/uploads\/2021\/01\/1464928322692.jpg\" width=\"520\" height=\"293\"  title='1464928322692' alt='' srcset=\"https:\/\/granito-plokstes.lt\/wp-content\/uploads\/2021\/01\/1464928322692.jpg 520w, https:\/\/granito-plokstes.lt\/wp-content\/uploads\/2021\/01\/1464928322692-300x169.jpg 300w\" sizes=\"(max-width: 520px) 100vw, 520px\" \/><\/a> <a href='https:\/\/granito-plokstes.lt\/wp-content\/uploads\/2021\/01\/Nuotrauka-0043-1030x773.jpg' data-rel='gallery-1' data-prev-img='https:\/\/granito-plokstes.lt\/wp-content\/uploads\/2021\/01\/Nuotrauka-0043-495x400.jpg' class='lightbox ' data-onclick='7' title='Nuotrauka-0043'  itemprop=\"thumbnailUrl\"  ><img loading=\"lazy\" class=\"wp-image-16475 avia-img-lazy-loading-16475\"   src=\"https:\/\/granito-plokstes.lt\/wp-content\/uploads\/2021\/01\/Nuotrauka-0043-845x684.jpg\" width=\"845\" height=\"684\"  title='Nuotrauka-0043' alt='' srcset=\"https:\/\/granito-plokstes.lt\/wp-content\/uploads\/2021\/01\/Nuotrauka-0043-845x684.jpg 845w, https:\/\/granito-plokstes.lt\/wp-content\/uploads\/2021\/01\/Nuotrauka-0043-495x400.jpg 495w\" sizes=\"(max-width: 845px) 100vw, 845px\" \/><\/a> <a href='https:\/\/granito-plokstes.lt\/wp-content\/uploads\/2020\/12\/Paminklai-Visoje-Lietuvoje-Kapu-tvarkymas-Siauliuose-1024x630.jpg' data-rel='gallery-1' data-prev-img='https:\/\/granito-plokstes.lt\/wp-content\/uploads\/2020\/12\/Paminklai-Visoje-Lietuvoje-Kapu-tvarkymas-Siauliuose.jpg' class='lightbox ' data-onclick='8' title='Paminklai Visoje Lietuvoje, Kapu tvarkymas Siauliuose'  itemprop=\"thumbnailUrl\"  ><img loading=\"lazy\" class=\"wp-image-16130 avia-img-lazy-loading-16130\"   src=\"https:\/\/granito-plokstes.lt\/wp-content\/uploads\/2020\/12\/Paminklai-Visoje-Lietuvoje-Kapu-tvarkymas-Siauliuose.jpg\" width=\"845\" height=\"519\"  title='Paminklai Visoje Lietuvoje, Kapu tvarkymas Siauliuose' alt='' srcset=\"https:\/\/granito-plokstes.lt\/wp-content\/uploads\/2020\/12\/Paminklai-Visoje-Lietuvoje-Kapu-tvarkymas-Siauliuose.jpg 1464w, https:\/\/granito-plokstes.lt\/wp-content\/uploads\/2020\/12\/Paminklai-Visoje-Lietuvoje-Kapu-tvarkymas-Siauliuose-300x184.jpg 300w, https:\/\/granito-plokstes.lt\/wp-content\/uploads\/2020\/12\/Paminklai-Visoje-Lietuvoje-Kapu-tvarkymas-Siauliuose-768x472.jpg 768w, https:\/\/granito-plokstes.lt\/wp-content\/uploads\/2020\/12\/Paminklai-Visoje-Lietuvoje-Kapu-tvarkymas-Siauliuose-1024x630.jpg 1024w, https:\/\/granito-plokstes.lt\/wp-content\/uploads\/2020\/12\/Paminklai-Visoje-Lietuvoje-Kapu-tvarkymas-Siauliuose-700x430.jpg 700w\" sizes=\"(max-width: 845px) 100vw, 845px\" \/><\/a> <a href='https:\/\/granito-plokstes.lt\/wp-content\/uploads\/2020\/12\/Paminklai-Visoje-Lietuvoje-Kapu-tvarkymas-Siauliuose-5-1024x611.jpg' data-rel='gallery-1' data-prev-img='https:\/\/granito-plokstes.lt\/wp-content\/uploads\/2020\/12\/Paminklai-Visoje-Lietuvoje-Kapu-tvarkymas-Siauliuose-5.jpg' class='lightbox ' data-onclick='9' title='Paminklai Visoje Lietuvoje, Kapu tvarkymas Siauliuose (5)'  itemprop=\"thumbnailUrl\"  ><img loading=\"lazy\" class=\"wp-image-16128 avia-img-lazy-loading-16128\"   src=\"https:\/\/granito-plokstes.lt\/wp-content\/uploads\/2020\/12\/Paminklai-Visoje-Lietuvoje-Kapu-tvarkymas-Siauliuose-5.jpg\" width=\"845\" height=\"504\"  title='Paminklai Visoje Lietuvoje, Kapu tvarkymas Siauliuose (5)' alt='' srcset=\"https:\/\/granito-plokstes.lt\/wp-content\/uploads\/2020\/12\/Paminklai-Visoje-Lietuvoje-Kapu-tvarkymas-Siauliuose-5.jpg 1509w, https:\/\/granito-plokstes.lt\/wp-content\/uploads\/2020\/12\/Paminklai-Visoje-Lietuvoje-Kapu-tvarkymas-Siauliuose-5-300x179.jpg 300w, https:\/\/granito-plokstes.lt\/wp-content\/uploads\/2020\/12\/Paminklai-Visoje-Lietuvoje-Kapu-tvarkymas-Siauliuose-5-768x458.jpg 768w, https:\/\/granito-plokstes.lt\/wp-content\/uploads\/2020\/12\/Paminklai-Visoje-Lietuvoje-Kapu-tvarkymas-Siauliuose-5-1024x611.jpg 1024w, https:\/\/granito-plokstes.lt\/wp-content\/uploads\/2020\/12\/Paminklai-Visoje-Lietuvoje-Kapu-tvarkymas-Siauliuose-5-700x417.jpg 700w\" sizes=\"(max-width: 845px) 100vw, 845px\" \/><\/a> <a href='https:\/\/granito-plokstes.lt\/wp-content\/uploads\/2020\/12\/Paminklai-Visoje-Lietuvoje-Kapu-tvarkymas-Siauliuose-4-1024x506.jpg' data-rel='gallery-1' data-prev-img='https:\/\/granito-plokstes.lt\/wp-content\/uploads\/2020\/12\/Paminklai-Visoje-Lietuvoje-Kapu-tvarkymas-Siauliuose-4.jpg' class='lightbox ' data-onclick='10' title='Paminklai Visoje Lietuvoje, Kapu tvarkymas Siauliuose (4)'  itemprop=\"thumbnailUrl\"  ><img loading=\"lazy\" class=\"wp-image-16127 avia-img-lazy-loading-16127\"   src=\"https:\/\/granito-plokstes.lt\/wp-content\/uploads\/2020\/12\/Paminklai-Visoje-Lietuvoje-Kapu-tvarkymas-Siauliuose-4.jpg\" width=\"845\" height=\"417\"  title='Paminklai Visoje Lietuvoje, Kapu tvarkymas Siauliuose (4)' alt='' srcset=\"https:\/\/granito-plokstes.lt\/wp-content\/uploads\/2020\/12\/Paminklai-Visoje-Lietuvoje-Kapu-tvarkymas-Siauliuose-4.jpg 1600w, https:\/\/granito-plokstes.lt\/wp-content\/uploads\/2020\/12\/Paminklai-Visoje-Lietuvoje-Kapu-tvarkymas-Siauliuose-4-300x148.jpg 300w, https:\/\/granito-plokstes.lt\/wp-content\/uploads\/2020\/12\/Paminklai-Visoje-Lietuvoje-Kapu-tvarkymas-Siauliuose-4-768x379.jpg 768w, https:\/\/granito-plokstes.lt\/wp-content\/uploads\/2020\/12\/Paminklai-Visoje-Lietuvoje-Kapu-tvarkymas-Siauliuose-4-1024x506.jpg 1024w, https:\/\/granito-plokstes.lt\/wp-content\/uploads\/2020\/12\/Paminklai-Visoje-Lietuvoje-Kapu-tvarkymas-Siauliuose-4-700x346.jpg 700w\" sizes=\"(max-width: 845px) 100vw, 845px\" \/><\/a> <a href='https:\/\/granito-plokstes.lt\/wp-content\/uploads\/2020\/12\/Granito-plokstemis-dengti-kapai-Taurageje-Kapu-dengimas-Taurageje-1024x762.jpg' data-rel='gallery-1' data-prev-img='https:\/\/granito-plokstes.lt\/wp-content\/uploads\/2020\/12\/Granito-plokstemis-dengti-kapai-Taurageje-Kapu-dengimas-Taurageje.jpg' class='first_thumb lightbox ' data-onclick='11' title='Granito plokstemis dengti kapai Taurageje, Kapu dengimas Taurageje'  itemprop=\"thumbnailUrl\"  ><img loading=\"lazy\" class=\"wp-image-16121 avia-img-lazy-loading-16121\"   src=\"https:\/\/granito-plokstes.lt\/wp-content\/uploads\/2020\/12\/Granito-plokstemis-dengti-kapai-Taurageje-Kapu-dengimas-Taurageje.jpg\" width=\"845\" height=\"629\"  title='Granito plokstemis dengti kapai Taurageje, Kapu dengimas Taurageje' alt='' srcset=\"https:\/\/granito-plokstes.lt\/wp-content\/uploads\/2020\/12\/Granito-plokstemis-dengti-kapai-Taurageje-Kapu-dengimas-Taurageje.jpg 1210w, https:\/\/granito-plokstes.lt\/wp-content\/uploads\/2020\/12\/Granito-plokstemis-dengti-kapai-Taurageje-Kapu-dengimas-Taurageje-300x223.jpg 300w, https:\/\/granito-plokstes.lt\/wp-content\/uploads\/2020\/12\/Granito-plokstemis-dengti-kapai-Taurageje-Kapu-dengimas-Taurageje-768x571.jpg 768w, https:\/\/granito-plokstes.lt\/wp-content\/uploads\/2020\/12\/Granito-plokstemis-dengti-kapai-Taurageje-Kapu-dengimas-Taurageje-1024x762.jpg 1024w, https:\/\/granito-plokstes.lt\/wp-content\/uploads\/2020\/12\/Granito-plokstemis-dengti-kapai-Taurageje-Kapu-dengimas-Taurageje-700x521.jpg 700w\" sizes=\"(max-width: 845px) 100vw, 845px\" \/><\/a> <a href='https:\/\/granito-plokstes.lt\/wp-content\/uploads\/2018\/01\/Dvi-plokstes.-Svedisko-granito-plokstes-1024x497.jpg' data-rel='gallery-1' data-prev-img='https:\/\/granito-plokstes.lt\/wp-content\/uploads\/2018\/01\/Dvi-plokstes.-Svedisko-granito-plokstes.jpg' class='lightbox ' data-onclick='12' title='OLYMPUS DIGITAL CAMERA'  itemprop=\"thumbnailUrl\"  ><img loading=\"lazy\" class=\"wp-image-16067 avia-img-lazy-loading-16067\"  data-avia-tooltip='OLYMPUS DIGITAL CAMERA' src=\"https:\/\/granito-plokstes.lt\/wp-content\/uploads\/2018\/01\/Dvi-plokstes.-Svedisko-granito-plokstes.jpg\" width=\"845\" height=\"410\"  title='OLYMPUS DIGITAL CAMERA' alt='' srcset=\"https:\/\/granito-plokstes.lt\/wp-content\/uploads\/2018\/01\/Dvi-plokstes.-Svedisko-granito-plokstes.jpg 2816w, https:\/\/granito-plokstes.lt\/wp-content\/uploads\/2018\/01\/Dvi-plokstes.-Svedisko-granito-plokstes-300x146.jpg 300w, https:\/\/granito-plokstes.lt\/wp-content\/uploads\/2018\/01\/Dvi-plokstes.-Svedisko-granito-plokstes-768x373.jpg 768w, https:\/\/granito-plokstes.lt\/wp-content\/uploads\/2018\/01\/Dvi-plokstes.-Svedisko-granito-plokstes-1024x497.jpg 1024w, https:\/\/granito-plokstes.lt\/wp-content\/uploads\/2018\/01\/Dvi-plokstes.-Svedisko-granito-plokstes-700x340.jpg 700w\" sizes=\"(max-width: 845px) 100vw, 845px\" \/><\/a><\/div><\/div>\n<div  style='padding-bottom:10px; ' class='av-special-heading av-special-heading-h3    avia-builder-el-1  el_after_av_gallery  el_before_av_textblock  '><h3 class='av-special-heading-tag '  itemprop=\"headline\"  >Kod\u0117l verta rinktis granito plok\u0161tes?<\/h3><div class='special-heading-border'><div class='special-heading-inner-border' ><\/div><\/div><\/div>\n<section class=\"av_textblock_section \"  itemscope=\"itemscope\" itemtype=\"https:\/\/schema.org\/CreativeWork\" ><div class='avia_textblock  '   itemprop=\"text\" ><h6>Kapo prie\u017ei\u016brai pasirinktos granito plok\u0161t\u0117s pasi\u017eymi \u0161iais privalumais:<\/h6>\n<blockquote>\n<p><strong>Ilgaam\u017ei\u0161kumas.<\/strong> Granitas \u2013 ypatingai patvarus akmuo. Tinkamai pri\u017ei\u016brima auk\u0161tos kokyb\u0117s med\u017eiaga i\u0161laiko spalv\u0105 bei form\u0105 daugel\u012f met\u0173. Lanks\u010dios akmens plok\u0161t\u0117s yra atsparios neigiamam krituli\u0173, v\u0117jo poveikiui, temperat\u016bros poky\u010diams.<\/p>\n<\/blockquote>\n<\/div><\/section>\n<section class=\"av_textblock_section \"  itemscope=\"itemscope\" itemtype=\"https:\/\/schema.org\/CreativeWork\" ><div class='avia_textblock  '   itemprop=\"text\" ><blockquote>\n<p><strong>Prie\u017ei\u016bros paprastumas.<\/strong> Akmens danga puikiai apsaugo kapaviet\u0119 nuo pikt\u017eoli\u0173. Granito plok\u0161te geriausia dengti kapus, neu\u017estojamus med\u017ei\u0173. Tokiu atveju kapaviet\u0119 u\u017eteks aplankyti kelis sykius per sezon\u0105. Jei plok\u0161te dengsite vis\u0105 kap\u0105, tereik\u0117s nuvalyti dulkes, v\u0117jo atne\u0161tus lapus.<\/p>\n<\/blockquote>\n<\/div><\/section>\n<section class=\"av_textblock_section \"  itemscope=\"itemscope\" itemtype=\"https:\/\/schema.org\/CreativeWork\" ><div class='avia_textblock  '   itemprop=\"text\" ><blockquote>\n<p><strong>Esteti\u0161kumas.<\/strong>\u00a0Granito plok\u0161t\u0117mis u\u017edengti kapai atrodo solid\u017eiai, \u0161iuolaiki\u0161kai ir skoningai. Platus spalv\u0173, tekst\u016br\u0173, form\u0173 pasirinkimas leid\u017eia lengvai priderinti plok\u0161tes prie paminklo ar kit\u0173 kapaviet\u0117s element\u0173. Be to, tokiu b\u016bdu galite susikurti individual\u0173, unikal\u0173 dizain\u0105.<\/p>\n<\/blockquote>\n<\/div><\/section>\n<div  style='height:30px' class='hr hr-invisible   avia-builder-el-5  el_after_av_textblock  el_before_av_heading '><span class='hr-inner ' ><span class='hr-inner-style'><\/span><\/span><\/div>\n<div  style='padding-bottom:10px; color:#b02b2c;' class='av-special-heading av-special-heading-h3 custom-color-heading blockquote classic-quote  avia-builder-el-6  el_after_av_hr  el_before_av_hr  '><h3 class='av-special-heading-tag '  itemprop=\"headline\"  >Akmens mas\u0117s plok\u0161t\u0117s \u2013 idealus pasirinkimas, jei neturite galimybi\u0173 da\u017enai lankyti kap\u0105 ir norite pasir\u016bpinti tvarkinga aplinka.<\/h3><div class='special-heading-border'><div class='special-heading-inner-border' style='border-color:#b02b2c'><\/div><\/div><\/div>\n<div   class='hr hr-default   avia-builder-el-7  el_after_av_heading  avia-builder-el-last '><span class='hr-inner ' ><span class='hr-inner-style'><\/span><\/span><\/div>\n","protected":false},"excerpt":{"rendered":"","protected":false},"author":2,"featured_media":0,"parent":821,"menu_order":1,"comment_status":"closed","ping_status":"closed","template":"","meta":[],"yoast_head":"<!-- This site is optimized with the Yoast SEO Premium plugin v15.7 - https:\/\/yoast.com\/wordpress\/plugins\/seo\/ -->\n<title>Plok\u0161t\u0117mis dengti kapai - Granito plok\u0161t\u0117s antkapiai, paminkl\u0173 gamyba | \u0413\u0440\u0430\u043d\u0438\u0442\u043d\u044b\u0435 \u043f\u043b\u0438\u0442\u044b \u0434\u043b\u044f \u043a\u043b\u0430\u0434\u0431\u0438\u0449\u0430<\/title>\n<meta name=\"description\" content=\"Granito plok\u0161t\u0117s. Dirbame Lietuvoje ir Latvijoje. | \u041e\u0431\u043b\u0438\u0446\u043e\u0432\u043a\u0430 \u0437\u0430\u0445\u043e\u0440\u043e\u043d\u0435\u043d\u0438\u044f \u0433\u0440\u0430\u043d\u0438\u0442\u043d\u044b\u043c\u0438 \u043f\u043b\u0438\u0442\u0430\u043c\u0438, \u043e\u0433\u0440\u0430\u0434\u044b, \u043d\u0430\u0434\u0433\u0440\u043e\u0431\u0438\u044f, \u0438\u0437\u0433\u043e\u0442\u043e\u0432\u043b\u0435\u043d\u0438\u0435 \u043f\u0430\u043c\u044f\u0442\u043d\u0438\u043a\u043e\u0432\" \/>\n<meta name=\"robots\" content=\"index, follow, max-snippet:-1, max-image-preview:large, max-video-preview:-1\" \/>\n<link rel=\"canonical\" href=\"https:\/\/granito-plokstes.lt\/?page_id=16484\" \/>\n<meta property=\"og:locale\" content=\"lt_LT\" \/>\n<meta property=\"og:type\" content=\"article\" \/>\n<meta property=\"og:title\" content=\"Plok\u0161t\u0117mis dengti kapai - Granito plok\u0161t\u0117s antkapiai, paminkl\u0173 gamyba | \u0413\u0440\u0430\u043d\u0438\u0442\u043d\u044b\u0435 \u043f\u043b\u0438\u0442\u044b \u0434\u043b\u044f \u043a\u043b\u0430\u0434\u0431\u0438\u0449\u0430\" \/>\n<meta property=\"og:description\" content=\"Granito plok\u0161t\u0117s. Dirbame Lietuvoje ir Latvijoje. | \u041e\u0431\u043b\u0438\u0446\u043e\u0432\u043a\u0430 \u0437\u0430\u0445\u043e\u0440\u043e\u043d\u0435\u043d\u0438\u044f \u0433\u0440\u0430\u043d\u0438\u0442\u043d\u044b\u043c\u0438 \u043f\u043b\u0438\u0442\u0430\u043c\u0438, \u043e\u0433\u0440\u0430\u0434\u044b, \u043d\u0430\u0434\u0433\u0440\u043e\u0431\u0438\u044f, \u0438\u0437\u0433\u043e\u0442\u043e\u0432\u043b\u0435\u043d\u0438\u0435 \u043f\u0430\u043c\u044f\u0442\u043d\u0438\u043a\u043e\u0432\" \/>\n<meta property=\"og:url\" content=\"https:\/\/granito-plokstes.lt\/?page_id=16484\" \/>\n<meta property=\"og:site_name\" content=\"Granito plok\u0161t\u0117s\" \/>\n<meta property=\"article:publisher\" content=\"https:\/\/www.facebook.com\/1paminklai\" \/>\n<meta property=\"article:modified_time\" content=\"2021-02-10T13:57:04+00:00\" \/>\n<meta name=\"twitter:card\" content=\"summary_large_image\" \/>\n<meta name=\"twitter:label1\" content=\"Est. reading time\">\n\t<meta name=\"twitter:data1\" content=\"2 minut\u0117s\">\n<script type=\"application\/ld+json\" class=\"yoast-schema-graph\">{\"@context\":\"https:\/\/schema.org\",\"@graph\":[{\"@type\":\"Organization\",\"@id\":\"https:\/\/granito-plokstes.lt\/#organization\",\"name\":\"Granito plok\\u0161t\\u0117s, paminklai, plytel\\u0117s, skalda\",\"url\":\"https:\/\/granito-plokstes.lt\/\",\"sameAs\":[\"https:\/\/www.facebook.com\/1paminklai\"],\"logo\":{\"@type\":\"ImageObject\",\"@id\":\"https:\/\/granito-plokstes.lt\/#logo\",\"inLanguage\":\"lt-LT\",\"url\":\"https:\/\/granito-plokstes.lt\/wp-content\/uploads\/2021\/01\/granito_plokstes_logo2.png\",\"width\":350,\"height\":218,\"caption\":\"Granito plok\\u0161t\\u0117s, paminklai, plytel\\u0117s, skalda\"},\"image\":{\"@id\":\"https:\/\/granito-plokstes.lt\/#logo\"}},{\"@type\":\"WebSite\",\"@id\":\"https:\/\/granito-plokstes.lt\/#website\",\"url\":\"https:\/\/granito-plokstes.lt\/\",\"name\":\"Granito plok\\u0161t\\u0117s\",\"description\":\"Mes galime j\\u016bs\\u0173 vizija paversti realybe\",\"publisher\":{\"@id\":\"https:\/\/granito-plokstes.lt\/#organization\"},\"potentialAction\":[{\"@type\":\"SearchAction\",\"target\":\"https:\/\/granito-plokstes.lt\/?s={search_term_string}\",\"query-input\":\"required name=search_term_string\"}],\"inLanguage\":\"lt-LT\"},{\"@type\":\"WebPage\",\"@id\":\"https:\/\/granito-plokstes.lt\/?page_id=16484#webpage\",\"url\":\"https:\/\/granito-plokstes.lt\/?page_id=16484\",\"name\":\"Plok\\u0161t\\u0117mis dengti kapai - Granito plok\\u0161t\\u0117s antkapiai, paminkl\\u0173 gamyba | \\u0413\\u0440\\u0430\\u043d\\u0438\\u0442\\u043d\\u044b\\u0435 \\u043f\\u043b\\u0438\\u0442\\u044b \\u0434\\u043b\\u044f \\u043a\\u043b\\u0430\\u0434\\u0431\\u0438\\u0449\\u0430\",\"isPartOf\":{\"@id\":\"https:\/\/granito-plokstes.lt\/#website\"},\"datePublished\":\"2021-01-20T15:18:09+00:00\",\"dateModified\":\"2021-02-10T13:57:04+00:00\",\"description\":\"Granito plok\\u0161t\\u0117s. Dirbame Lietuvoje ir Latvijoje. | \\u041e\\u0431\\u043b\\u0438\\u0446\\u043e\\u0432\\u043a\\u0430 \\u0437\\u0430\\u0445\\u043e\\u0440\\u043e\\u043d\\u0435\\u043d\\u0438\\u044f \\u0433\\u0440\\u0430\\u043d\\u0438\\u0442\\u043d\\u044b\\u043c\\u0438 \\u043f\\u043b\\u0438\\u0442\\u0430\\u043c\\u0438, \\u043e\\u0433\\u0440\\u0430\\u0434\\u044b, \\u043d\\u0430\\u0434\\u0433\\u0440\\u043e\\u0431\\u0438\\u044f, \\u0438\\u0437\\u0433\\u043e\\u0442\\u043e\\u0432\\u043b\\u0435\\u043d\\u0438\\u0435 \\u043f\\u0430\\u043c\\u044f\\u0442\\u043d\\u0438\\u043a\\u043e\\u0432\",\"inLanguage\":\"lt-LT\",\"potentialAction\":[{\"@type\":\"ReadAction\",\"target\":[\"https:\/\/granito-plokstes.lt\/?page_id=16484\"]}]}]}<\/script>\n<!-- \/ Yoast SEO Premium plugin. -->","_links":{"self":[{"href":"https:\/\/granito-plokstes.lt\/index.php?rest_route=\/wp\/v2\/pages\/16484"}],"collection":[{"href":"https:\/\/granito-plokstes.lt\/index.php?rest_route=\/wp\/v2\/pages"}],"about":[{"href":"https:\/\/granito-plokstes.lt\/index.php?rest_route=\/wp\/v2\/types\/page"}],"author":[{"embeddable":true,"href":"https:\/\/granito-plokstes.lt\/index.php?rest_route=\/wp\/v2\/users\/2"}],"replies":[{"embeddable":true,"href":"https:\/\/granito-plokstes.lt\/index.php?rest_route=%2Fwp%2Fv2%2Fcomments&post=16484"}],"version-history":[{"count":1,"href":"https:\/\/granito-plokstes.lt\/index.php?rest_route=\/wp\/v2\/pages\/16484\/revisions"}],"predecessor-version":[{"id":16556,"href":"https:\/\/granito-plokstes.lt\/index.php?rest_route=\/wp\/v2\/pages\/16484\/revisions\/16556"}],"up":[{"embeddable":true,"href":"https:\/\/granito-plokstes.lt\/index.php?rest_route=\/wp\/v2\/pages\/821"}],"wp:attachment":[{"href":"https:\/\/granito-plokstes.lt\/index.php?rest_route=%2Fwp%2Fv2%2Fmedia&parent=16484"}],"curies":[{"name":"wp","href":"https:\/\/api.w.org\/{rel}","templated":true}]}}