{"id":16493,"date":"2021-01-21T00:18:09","date_gmt":"2021-01-20T22:18:09","guid":{"rendered":"https:\/\/granito-plokstes.lt\/?page_id=16493"},"modified":"2021-02-10T15:52:05","modified_gmt":"2021-02-10T13:52:05","slug":"shortcodes-2-3a","status":"publish","type":"page","link":"https:\/\/granito-plokstes.lt\/?page_id=16493","title":{"rendered":"Granitin\u0117s kap\u0173 plytel\u0117s."},"content":{"rendered":"<div  class='avia-gallery  avia-gallery-1 avia_lazyload avia-gallery-animate avia_animate_when_visible  avia-builder-el-0  el_before_av_heading  avia-builder-el-first '  itemprop=\"image\" itemscope=\"itemscope\" itemtype=\"https:\/\/schema.org\/ImageObject\" ><div class='avia-gallery-thumb'> <a href='https:\/\/granito-plokstes.lt\/wp-content\/uploads\/2021\/01\/Olive-green-granitas-1-1030x667.jpg' data-rel='gallery-1' data-prev-img='https:\/\/granito-plokstes.lt\/wp-content\/uploads\/2021\/01\/Olive-green-granitas-1-495x400.jpg' class='first_thumb lightbox ' data-onclick='1' title='Olive-green-granitas'  itemprop=\"thumbnailUrl\"  ><img loading=\"lazy\" class=\"wp-image-16596 avia-img-lazy-loading-16596\"   src=\"https:\/\/granito-plokstes.lt\/wp-content\/uploads\/2021\/01\/Olive-green-granitas-1-845x684.jpg\" width=\"845\" height=\"684\"  title='Olive-green-granitas' alt='' srcset=\"https:\/\/granito-plokstes.lt\/wp-content\/uploads\/2021\/01\/Olive-green-granitas-1-845x684.jpg 845w, https:\/\/granito-plokstes.lt\/wp-content\/uploads\/2021\/01\/Olive-green-granitas-1-495x400.jpg 495w\" sizes=\"(max-width: 845px) 100vw, 845px\" \/><\/a> <a href='https:\/\/granito-plokstes.lt\/wp-content\/uploads\/2021\/01\/Nuotrauka-0043-1-1030x773.jpg' data-rel='gallery-1' data-prev-img='https:\/\/granito-plokstes.lt\/wp-content\/uploads\/2021\/01\/Nuotrauka-0043-1-495x400.jpg' class='lightbox ' data-onclick='2' title='Nuotrauka-0043'  itemprop=\"thumbnailUrl\"  ><img loading=\"lazy\" class=\"wp-image-16597 avia-img-lazy-loading-16597\"   src=\"https:\/\/granito-plokstes.lt\/wp-content\/uploads\/2021\/01\/Nuotrauka-0043-1-845x684.jpg\" width=\"845\" height=\"684\"  title='Nuotrauka-0043' alt='' srcset=\"https:\/\/granito-plokstes.lt\/wp-content\/uploads\/2021\/01\/Nuotrauka-0043-1-845x684.jpg 845w, https:\/\/granito-plokstes.lt\/wp-content\/uploads\/2021\/01\/Nuotrauka-0043-1-495x400.jpg 495w\" sizes=\"(max-width: 845px) 100vw, 845px\" \/><\/a> <a href='https:\/\/granito-plokstes.lt\/wp-content\/uploads\/2021\/01\/Nuotrauka0776-1030x891.jpg' data-rel='gallery-1' data-prev-img='https:\/\/granito-plokstes.lt\/wp-content\/uploads\/2021\/01\/Nuotrauka0776-495x400.jpg' class='lightbox ' data-onclick='3' title='Nuotrauka0776'  itemprop=\"thumbnailUrl\"  ><img loading=\"lazy\" class=\"wp-image-16598 avia-img-lazy-loading-16598\"   src=\"https:\/\/granito-plokstes.lt\/wp-content\/uploads\/2021\/01\/Nuotrauka0776-845x684.jpg\" width=\"845\" height=\"684\"  title='Nuotrauka0776' alt='' srcset=\"https:\/\/granito-plokstes.lt\/wp-content\/uploads\/2021\/01\/Nuotrauka0776-845x684.jpg 845w, https:\/\/granito-plokstes.lt\/wp-content\/uploads\/2021\/01\/Nuotrauka0776-495x400.jpg 495w\" sizes=\"(max-width: 845px) 100vw, 845px\" \/><\/a> <a href='https:\/\/granito-plokstes.lt\/wp-content\/uploads\/2021\/01\/PigAs_paminklai_A-iauliuose_KapA\u00b3_prieA\u00beiAra_Visi_kapiniA\u00b3_darbai_antkapiai_Paminklai-1-1030x795.jpg' data-rel='gallery-1' data-prev-img='https:\/\/granito-plokstes.lt\/wp-content\/uploads\/2021\/01\/PigAs_paminklai_A-iauliuose_KapA\u00b3_prieA\u00beiAra_Visi_kapiniA\u00b3_darbai_antkapiai_Paminklai-1-495x400.jpg' class='lightbox ' data-onclick='4' title='Pig\u00c5\u00abs_paminklai_\u00c5\u00a0iauliuose,_Kap\u00c5\u00b3_prie\u00c5\u00bei\u00c5\u00abra,_Visi_kapini\u00c5\u00b3_darbai,_antkapiai,_Paminklai'  itemprop=\"thumbnailUrl\"  ><img loading=\"lazy\" class=\"wp-image-16599 avia-img-lazy-loading-16599\"   src=\"https:\/\/granito-plokstes.lt\/wp-content\/uploads\/2021\/01\/PigAs_paminklai_A-iauliuose_KapA\u00b3_prieA\u00beiAra_Visi_kapiniA\u00b3_darbai_antkapiai_Paminklai-1-845x684.jpg\" width=\"845\" height=\"684\"  title='Pig\u00c5\u00abs_paminklai_\u00c5\u00a0iauliuose,_Kap\u00c5\u00b3_prie\u00c5\u00bei\u00c5\u00abra,_Visi_kapini\u00c5\u00b3_darbai,_antkapiai,_Paminklai' alt='' srcset=\"https:\/\/granito-plokstes.lt\/wp-content\/uploads\/2021\/01\/PigAs_paminklai_A-iauliuose_KapA\u00b3_prieA\u00beiAra_Visi_kapiniA\u00b3_darbai_antkapiai_Paminklai-1-845x684.jpg 845w, https:\/\/granito-plokstes.lt\/wp-content\/uploads\/2021\/01\/PigAs_paminklai_A-iauliuose_KapA\u00b3_prieA\u00beiAra_Visi_kapiniA\u00b3_darbai_antkapiai_Paminklai-1-495x400.jpg 495w\" sizes=\"(max-width: 845px) 100vw, 845px\" \/><\/a> <a href='https:\/\/granito-plokstes.lt\/wp-content\/uploads\/2021\/01\/Nuotrauka-0042-1-1.jpg' data-rel='gallery-1' data-prev-img='https:\/\/granito-plokstes.lt\/wp-content\/uploads\/2021\/01\/Nuotrauka-0042-1-1-495x400.jpg' class='lightbox ' data-onclick='5' title='Nuotrauka-0042 (1)'  itemprop=\"thumbnailUrl\"  ><img loading=\"lazy\" class=\"wp-image-16600 avia-img-lazy-loading-16600\"   src=\"https:\/\/granito-plokstes.lt\/wp-content\/uploads\/2021\/01\/Nuotrauka-0042-1-1-845x684.jpg\" width=\"845\" height=\"684\"  title='Nuotrauka-0042 (1)' alt='' srcset=\"https:\/\/granito-plokstes.lt\/wp-content\/uploads\/2021\/01\/Nuotrauka-0042-1-1-845x684.jpg 845w, https:\/\/granito-plokstes.lt\/wp-content\/uploads\/2021\/01\/Nuotrauka-0042-1-1-495x400.jpg 495w\" sizes=\"(max-width: 845px) 100vw, 845px\" \/><\/a><\/div><\/div>\n<div  style='padding-bottom:10px; ' class='av-special-heading av-special-heading-h3    avia-builder-el-1  el_after_av_gallery  el_before_av_textblock  '><h3 class='av-special-heading-tag '  itemprop=\"headline\"  >Granitin\u0117s kap\u0173 plytel\u0117s<\/h3><div class='special-heading-border'><div class='special-heading-inner-border' ><\/div><\/div><\/div>\n<section class=\"av_textblock_section \"  itemscope=\"itemscope\" itemtype=\"https:\/\/schema.org\/CreativeWork\" ><div class='avia_textblock  '   itemprop=\"text\" ><blockquote>\n<p><strong>Plytel\u0117s.<\/strong> Paprastai j\u0173 storis siekia 2\u20133 cm. Tai \u2013 neigiamam aplinkos poveikiui atspari danga, suma\u017einanti kit\u0173 prie\u017ei\u016bros darb\u0173 poreik\u012f. Granitin\u0117s kapu plyteles kaina ma\u017eesn\u0117 nei plok\u0161\u010di\u0173. Siekdami sutaupyti, galite derinti jas arba rinktis kuri\u0105 vien\u0105 priemon\u0119.<\/p>\n<\/blockquote>\n<\/div><\/section>\n<section class=\"av_textblock_section \"  itemscope=\"itemscope\" itemtype=\"https:\/\/schema.org\/CreativeWork\" ><div class='avia_textblock  '   itemprop=\"text\" ><blockquote>\n<p><strong>Tinka idealiai.<\/strong> Plok\u0161t\u0117s ir plytel\u0117s ypatingai rekomenduojamos tiems, kas neturi galimybi\u0173 da\u017enai lankyti kapaviet\u0119. Granitin\u0117s plok\u0161t\u0117s tinka idealiai, jei \u0161alia kapo n\u0117ra lipnias med\u017eiagas (pavyzd\u017eiui, sakus) i\u0161skirian\u010di\u0173 med\u017ei\u0173..<\/p>\n<\/blockquote>\n<\/div><\/section>\n<div  style='height:30px' class='hr hr-invisible   avia-builder-el-4  el_after_av_textblock  avia-builder-el-last '><span class='hr-inner ' ><span class='hr-inner-style'><\/span><\/span><\/div>\n","protected":false},"excerpt":{"rendered":"","protected":false},"author":2,"featured_media":0,"parent":821,"menu_order":1,"comment_status":"closed","ping_status":"closed","template":"","meta":[],"yoast_head":"<!-- This site is optimized with the Yoast SEO Premium plugin v15.7 - https:\/\/yoast.com\/wordpress\/plugins\/seo\/ -->\n<title>Granitin\u0117s kap\u0173 plytel\u0117s. - Granito plok\u0161t\u0117s<\/title>\n<meta name=\"description\" content=\"Granitin\u0117s kap\u0173 plytel\u0117s j\u0173 storis siekia 2\u20133 cm. Granitin\u0117s kapu plyteles kaina ma\u017eesn\u0117 nei plok\u0161\u010di\u0173.\" \/>\n<meta name=\"robots\" content=\"index, follow, max-snippet:-1, max-image-preview:large, max-video-preview:-1\" \/>\n<link rel=\"canonical\" href=\"https:\/\/granito-plokstes.lt\/?page_id=16493\" \/>\n<meta property=\"og:locale\" content=\"lt_LT\" \/>\n<meta property=\"og:type\" content=\"article\" \/>\n<meta property=\"og:title\" content=\"Granitin\u0117s kap\u0173 plytel\u0117s. - Granito plok\u0161t\u0117s\" \/>\n<meta property=\"og:description\" content=\"Granitin\u0117s kap\u0173 plytel\u0117s j\u0173 storis siekia 2\u20133 cm. Granitin\u0117s kapu plyteles kaina ma\u017eesn\u0117 nei plok\u0161\u010di\u0173.\" \/>\n<meta property=\"og:url\" content=\"https:\/\/granito-plokstes.lt\/?page_id=16493\" \/>\n<meta property=\"og:site_name\" content=\"Granito plok\u0161t\u0117s\" \/>\n<meta property=\"article:publisher\" content=\"https:\/\/www.facebook.com\/1paminklai\" \/>\n<meta property=\"article:modified_time\" content=\"2021-02-10T13:52:05+00:00\" \/>\n<meta name=\"twitter:card\" content=\"summary_large_image\" \/>\n<meta name=\"twitter:label1\" content=\"Est. reading time\">\n\t<meta name=\"twitter:data1\" content=\"1 minut\u0117\">\n<script type=\"application\/ld+json\" class=\"yoast-schema-graph\">{\"@context\":\"https:\/\/schema.org\",\"@graph\":[{\"@type\":\"Organization\",\"@id\":\"https:\/\/granito-plokstes.lt\/#organization\",\"name\":\"Granito plok\\u0161t\\u0117s, paminklai, plytel\\u0117s, skalda\",\"url\":\"https:\/\/granito-plokstes.lt\/\",\"sameAs\":[\"https:\/\/www.facebook.com\/1paminklai\"],\"logo\":{\"@type\":\"ImageObject\",\"@id\":\"https:\/\/granito-plokstes.lt\/#logo\",\"inLanguage\":\"lt-LT\",\"url\":\"https:\/\/granito-plokstes.lt\/wp-content\/uploads\/2021\/01\/granito_plokstes_logo2.png\",\"width\":350,\"height\":218,\"caption\":\"Granito plok\\u0161t\\u0117s, paminklai, plytel\\u0117s, skalda\"},\"image\":{\"@id\":\"https:\/\/granito-plokstes.lt\/#logo\"}},{\"@type\":\"WebSite\",\"@id\":\"https:\/\/granito-plokstes.lt\/#website\",\"url\":\"https:\/\/granito-plokstes.lt\/\",\"name\":\"Granito plok\\u0161t\\u0117s\",\"description\":\"Mes galime j\\u016bs\\u0173 vizija paversti realybe\",\"publisher\":{\"@id\":\"https:\/\/granito-plokstes.lt\/#organization\"},\"potentialAction\":[{\"@type\":\"SearchAction\",\"target\":\"https:\/\/granito-plokstes.lt\/?s={search_term_string}\",\"query-input\":\"required name=search_term_string\"}],\"inLanguage\":\"lt-LT\"},{\"@type\":\"WebPage\",\"@id\":\"https:\/\/granito-plokstes.lt\/?page_id=16493#webpage\",\"url\":\"https:\/\/granito-plokstes.lt\/?page_id=16493\",\"name\":\"Granitin\\u0117s kap\\u0173 plytel\\u0117s. - Granito plok\\u0161t\\u0117s\",\"isPartOf\":{\"@id\":\"https:\/\/granito-plokstes.lt\/#website\"},\"datePublished\":\"2021-01-20T22:18:09+00:00\",\"dateModified\":\"2021-02-10T13:52:05+00:00\",\"description\":\"Granitin\\u0117s kap\\u0173 plytel\\u0117s j\\u0173 storis siekia 2\\u20133 cm. Granitin\\u0117s kapu plyteles kaina ma\\u017eesn\\u0117 nei plok\\u0161\\u010di\\u0173.\",\"inLanguage\":\"lt-LT\",\"potentialAction\":[{\"@type\":\"ReadAction\",\"target\":[\"https:\/\/granito-plokstes.lt\/?page_id=16493\"]}]}]}<\/script>\n<!-- \/ Yoast SEO Premium plugin. -->","_links":{"self":[{"href":"https:\/\/granito-plokstes.lt\/index.php?rest_route=\/wp\/v2\/pages\/16493"}],"collection":[{"href":"https:\/\/granito-plokstes.lt\/index.php?rest_route=\/wp\/v2\/pages"}],"about":[{"href":"https:\/\/granito-plokstes.lt\/index.php?rest_route=\/wp\/v2\/types\/page"}],"author":[{"embeddable":true,"href":"https:\/\/granito-plokstes.lt\/index.php?rest_route=\/wp\/v2\/users\/2"}],"replies":[{"embeddable":true,"href":"https:\/\/granito-plokstes.lt\/index.php?rest_route=%2Fwp%2Fv2%2Fcomments&post=16493"}],"version-history":[{"count":6,"href":"https:\/\/granito-plokstes.lt\/index.php?rest_route=\/wp\/v2\/pages\/16493\/revisions"}],"predecessor-version":[{"id":16831,"href":"https:\/\/granito-plokstes.lt\/index.php?rest_route=\/wp\/v2\/pages\/16493\/revisions\/16831"}],"up":[{"embeddable":true,"href":"https:\/\/granito-plokstes.lt\/index.php?rest_route=\/wp\/v2\/pages\/821"}],"wp:attachment":[{"href":"https:\/\/granito-plokstes.lt\/index.php?rest_route=%2Fwp%2Fv2%2Fmedia&parent=16493"}],"curies":[{"name":"wp","href":"https:\/\/api.w.org\/{rel}","templated":true}]}}