{"id":16502,"date":"2021-01-21T11:18:09","date_gmt":"2021-01-21T09:18:09","guid":{"rendered":"https:\/\/granito-plokstes.lt\/?page_id=16502"},"modified":"2021-02-10T15:23:42","modified_gmt":"2021-02-10T13:23:42","slug":"shortcodes-2-3-2","status":"publish","type":"page","link":"https:\/\/granito-plokstes.lt\/?page_id=16502","title":{"rendered":"Kapo papuo\u0161imas skaldele"},"content":{"rendered":"<div  class='avia-gallery  avia-gallery-1 avia_lazyload avia-gallery-animate avia_animate_when_visible  avia-builder-el-0  el_before_av_heading  avia-builder-el-first '  itemprop=\"image\" itemscope=\"itemscope\" itemtype=\"https:\/\/schema.org\/ImageObject\" ><div class='avia-gallery-thumb'> <a href='https:\/\/granito-plokstes.lt\/wp-content\/uploads\/2021\/01\/Smelio-juosta-1030x568.jpg' data-rel='gallery-1' data-prev-img='https:\/\/granito-plokstes.lt\/wp-content\/uploads\/2021\/01\/Smelio-juosta-495x400.jpg' class='first_thumb lightbox ' data-onclick='1' title='Smelio-juosta'  itemprop=\"thumbnailUrl\"  ><img loading=\"lazy\" class=\"wp-image-16509 avia-img-lazy-loading-16509\"   src=\"https:\/\/granito-plokstes.lt\/wp-content\/uploads\/2021\/01\/Smelio-juosta-845x662.jpg\" width=\"845\" height=\"662\"  title='Smelio-juosta' alt='' \/><\/a> <a href='https:\/\/granito-plokstes.lt\/wp-content\/uploads\/2021\/01\/Kapas-papuostas-dvieju-rusiu-skaldele-1030x585.jpg' data-rel='gallery-1' data-prev-img='https:\/\/granito-plokstes.lt\/wp-content\/uploads\/2021\/01\/Kapas-papuostas-dvieju-rusiu-skaldele-495x400.jpg' class='lightbox ' data-onclick='2' title='Kapas-papuostas-dvieju-rusiu-skaldele'  itemprop=\"thumbnailUrl\"  ><img loading=\"lazy\" class=\"wp-image-16513 avia-img-lazy-loading-16513\"   src=\"https:\/\/granito-plokstes.lt\/wp-content\/uploads\/2021\/01\/Kapas-papuostas-dvieju-rusiu-skaldele-845x681.jpg\" width=\"845\" height=\"681\"  title='Kapas-papuostas-dvieju-rusiu-skaldele' alt='' srcset=\"https:\/\/granito-plokstes.lt\/wp-content\/uploads\/2021\/01\/Kapas-papuostas-dvieju-rusiu-skaldele-845x681.jpg 845w, https:\/\/granito-plokstes.lt\/wp-content\/uploads\/2021\/01\/Kapas-papuostas-dvieju-rusiu-skaldele-495x400.jpg 495w\" sizes=\"(max-width: 845px) 100vw, 845px\" \/><\/a> <a href='https:\/\/granito-plokstes.lt\/wp-content\/uploads\/2021\/01\/Raudona-skaldele-su-balta-1030x492.jpg' data-rel='gallery-1' data-prev-img='https:\/\/granito-plokstes.lt\/wp-content\/uploads\/2021\/01\/Raudona-skaldele-su-balta-495x400.jpg' class='lightbox ' data-onclick='3' title='Raudona-skaldele-su-balta'  itemprop=\"thumbnailUrl\"  ><img loading=\"lazy\" class=\"wp-image-16512 avia-img-lazy-loading-16512\"   src=\"https:\/\/granito-plokstes.lt\/wp-content\/uploads\/2021\/01\/Raudona-skaldele-su-balta-845x573.jpg\" width=\"845\" height=\"573\"  title='Raudona-skaldele-su-balta' alt='' \/><\/a> <a href='https:\/\/granito-plokstes.lt\/wp-content\/uploads\/2021\/01\/Srauni-upe-1030x531.jpg' data-rel='gallery-1' data-prev-img='https:\/\/granito-plokstes.lt\/wp-content\/uploads\/2021\/01\/Srauni-upe-495x400.jpg' class='lightbox ' data-onclick='4' title='Srauni-upe'  itemprop=\"thumbnailUrl\"  ><img loading=\"lazy\" class=\"wp-image-16510 avia-img-lazy-loading-16510\"   src=\"https:\/\/granito-plokstes.lt\/wp-content\/uploads\/2021\/01\/Srauni-upe-845x619.jpg\" width=\"845\" height=\"619\"  title='Srauni-upe' alt='' \/><\/a> <a href='https:\/\/granito-plokstes.lt\/wp-content\/uploads\/2021\/01\/Staigus-kelias-1030x470.jpg' data-rel='gallery-1' data-prev-img='https:\/\/granito-plokstes.lt\/wp-content\/uploads\/2021\/01\/Staigus-kelias-495x400.jpg' class='lightbox ' data-onclick='5' title='Staigus-kelias'  itemprop=\"thumbnailUrl\"  ><img loading=\"lazy\" class=\"wp-image-16508 avia-img-lazy-loading-16508\"   src=\"https:\/\/granito-plokstes.lt\/wp-content\/uploads\/2021\/01\/Staigus-kelias-845x547.jpg\" width=\"845\" height=\"547\"  title='Staigus-kelias' alt='' \/><\/a> <a href='https:\/\/granito-plokstes.lt\/wp-content\/uploads\/2021\/01\/Sirdis-kape-1030x508.jpg' data-rel='gallery-1' data-prev-img='https:\/\/granito-plokstes.lt\/wp-content\/uploads\/2021\/01\/Sirdis-kape-495x400.jpg' class='first_thumb lightbox ' data-onclick='6' title='Sirdis-kape'  itemprop=\"thumbnailUrl\"  ><img loading=\"lazy\" class=\"wp-image-16511 avia-img-lazy-loading-16511\"   src=\"https:\/\/granito-plokstes.lt\/wp-content\/uploads\/2021\/01\/Sirdis-kape-845x592.jpg\" width=\"845\" height=\"592\"  title='Sirdis-kape' alt='' \/><\/a> <a href='https:\/\/granito-plokstes.lt\/wp-content\/uploads\/2021\/01\/Liepsna-1030x534.jpg' data-rel='gallery-1' data-prev-img='https:\/\/granito-plokstes.lt\/wp-content\/uploads\/2021\/01\/Liepsna-495x400.jpg' class='lightbox ' data-onclick='7' title='Liepsna'  itemprop=\"thumbnailUrl\"  ><img loading=\"lazy\" class=\"wp-image-16514 avia-img-lazy-loading-16514\"   src=\"https:\/\/granito-plokstes.lt\/wp-content\/uploads\/2021\/01\/Liepsna-845x622.jpg\" width=\"845\" height=\"622\"  title='Liepsna' alt='' \/><\/a> <a href='https:\/\/granito-plokstes.lt\/wp-content\/uploads\/2021\/01\/Vingiuotas-kelias-1030x545.jpg' data-rel='gallery-1' data-prev-img='https:\/\/granito-plokstes.lt\/wp-content\/uploads\/2021\/01\/Vingiuotas-kelias-495x400.jpg' class='lightbox ' data-onclick='8' title='Vingiuotas-kelias'  itemprop=\"thumbnailUrl\"  ><img loading=\"lazy\" class=\"wp-image-16507 avia-img-lazy-loading-16507\"   src=\"https:\/\/granito-plokstes.lt\/wp-content\/uploads\/2021\/01\/Vingiuotas-kelias-845x635.jpg\" width=\"845\" height=\"635\"  title='Vingiuotas-kelias' alt='' \/><\/a> <a href='https:\/\/granito-plokstes.lt\/wp-content\/uploads\/2021\/01\/Zemes-juosta-1030x466.jpg' data-rel='gallery-1' data-prev-img='https:\/\/granito-plokstes.lt\/wp-content\/uploads\/2021\/01\/Zemes-juosta-495x400.jpg' class='lightbox ' data-onclick='9' title='Zemes-juosta'  itemprop=\"thumbnailUrl\"  ><img loading=\"lazy\" class=\"wp-image-16506 avia-img-lazy-loading-16506\"   src=\"https:\/\/granito-plokstes.lt\/wp-content\/uploads\/2021\/01\/Zemes-juosta-845x543.jpg\" width=\"845\" height=\"543\"  title='Zemes-juosta' alt='' \/><\/a><\/div><\/div>\n<div  style='padding-bottom:10px; ' class='av-special-heading av-special-heading-h3    avia-builder-el-1  el_after_av_gallery  el_before_av_textblock  '><h3 class='av-special-heading-tag '  itemprop=\"headline\"  >Apsaugo kap\u0105 nuo smulki\u0173 kenk\u0117j\u0173<\/h3><div class='special-heading-border'><div class='special-heading-inner-border' ><\/div><\/div><\/div>\n<section class=\"av_textblock_section \"  itemscope=\"itemscope\" itemtype=\"https:\/\/schema.org\/CreativeWork\" ><div class='avia_textblock  '   itemprop=\"text\" ><blockquote>\n<p><strong>Skalda.<\/strong> Kaip ir granitin\u0117s plok\u0161t\u0117s, spalvota skalda neleid\u017eia augti pikt\u017eol\u0117ms, apsaugo kap\u0105 nuo smulki\u0173 kenk\u0117j\u0173. Rinktis galite smulkius ar stambius, skirting\u0173 spalv\u0173, form\u0173 akmen\u0117lius. Skalda puikiai tinka ornamentams ir dizaino vientisumui formuoti. Verta \u017einoti, kad prie\u0161 beriant skald\u0105 b\u016btina patiesti special\u0173 apdangal\u0105. Venkite greitai yran\u010dio, aplinkos poveikiui neatsparaus ir dr\u0117gm\u0119 sulaikan\u010dio polietileno.<\/p>\n<\/blockquote>\n<\/div><\/section>\n<div  style='height:30px' class='hr hr-invisible   avia-builder-el-3  el_after_av_textblock  avia-builder-el-last '><span class='hr-inner ' ><span class='hr-inner-style'><\/span><\/span><\/div>\n","protected":false},"excerpt":{"rendered":"","protected":false},"author":2,"featured_media":0,"parent":821,"menu_order":0,"comment_status":"closed","ping_status":"closed","template":"","meta":[],"yoast_head":"<!-- This site is optimized with the Yoast SEO Premium plugin v15.7 - https:\/\/yoast.com\/wordpress\/plugins\/seo\/ -->\n<title>Kapo papuo\u0161imas skaldele - Granito plok\u0161t\u0117s Granito skalda neleid\u017eia augti pikt\u017eol\u0117ms apsaugo kap\u0105 nuo smulki\u0173 kenk\u0117j\u0173 | \u0413\u0440\u0430\u043d\u0438\u0442\u043d\u0430\u044f \u0449\u0435\u0431\u0435\u043d\u044c.<\/title>\n<meta name=\"description\" content=\"Granito skalda neleid\u017eia augti pikt\u017eol\u0117ms apsaugo kap\u0105 nuo smulki\u0173 kenk\u0117j\u0173 | \u0413\u0440\u0430\u043d\u0438\u0442\u043d\u0430\u044f \u0449\u0435\u0431\u0435\u043d\u044c.\" \/>\n<meta name=\"robots\" content=\"index, follow, max-snippet:-1, max-image-preview:large, max-video-preview:-1\" \/>\n<link rel=\"canonical\" href=\"https:\/\/granito-plokstes.lt\/?page_id=16502\" \/>\n<meta property=\"og:locale\" content=\"lt_LT\" \/>\n<meta property=\"og:type\" content=\"article\" \/>\n<meta property=\"og:title\" content=\"Kapo papuo\u0161imas skaldele - Granito plok\u0161t\u0117s Granito skalda neleid\u017eia augti pikt\u017eol\u0117ms apsaugo kap\u0105 nuo smulki\u0173 kenk\u0117j\u0173 | \u0413\u0440\u0430\u043d\u0438\u0442\u043d\u0430\u044f \u0449\u0435\u0431\u0435\u043d\u044c.\" \/>\n<meta property=\"og:description\" content=\"Granito skalda neleid\u017eia augti pikt\u017eol\u0117ms apsaugo kap\u0105 nuo smulki\u0173 kenk\u0117j\u0173 | \u0413\u0440\u0430\u043d\u0438\u0442\u043d\u0430\u044f \u0449\u0435\u0431\u0435\u043d\u044c.\" \/>\n<meta property=\"og:url\" content=\"https:\/\/granito-plokstes.lt\/?page_id=16502\" \/>\n<meta property=\"og:site_name\" content=\"Granito plok\u0161t\u0117s\" \/>\n<meta property=\"article:publisher\" content=\"https:\/\/www.facebook.com\/1paminklai\" \/>\n<meta property=\"article:modified_time\" content=\"2021-02-10T13:23:42+00:00\" \/>\n<meta name=\"twitter:card\" content=\"summary_large_image\" \/>\n<meta name=\"twitter:label1\" content=\"Est. reading time\">\n\t<meta name=\"twitter:data1\" content=\"1 minut\u0117\">\n<script type=\"application\/ld+json\" class=\"yoast-schema-graph\">{\"@context\":\"https:\/\/schema.org\",\"@graph\":[{\"@type\":\"Organization\",\"@id\":\"https:\/\/granito-plokstes.lt\/#organization\",\"name\":\"Granito plok\\u0161t\\u0117s, paminklai, plytel\\u0117s, skalda\",\"url\":\"https:\/\/granito-plokstes.lt\/\",\"sameAs\":[\"https:\/\/www.facebook.com\/1paminklai\"],\"logo\":{\"@type\":\"ImageObject\",\"@id\":\"https:\/\/granito-plokstes.lt\/#logo\",\"inLanguage\":\"lt-LT\",\"url\":\"https:\/\/granito-plokstes.lt\/wp-content\/uploads\/2021\/01\/granito_plokstes_logo2.png\",\"width\":350,\"height\":218,\"caption\":\"Granito plok\\u0161t\\u0117s, paminklai, plytel\\u0117s, skalda\"},\"image\":{\"@id\":\"https:\/\/granito-plokstes.lt\/#logo\"}},{\"@type\":\"WebSite\",\"@id\":\"https:\/\/granito-plokstes.lt\/#website\",\"url\":\"https:\/\/granito-plokstes.lt\/\",\"name\":\"Granito plok\\u0161t\\u0117s\",\"description\":\"Mes galime j\\u016bs\\u0173 vizija paversti realybe\",\"publisher\":{\"@id\":\"https:\/\/granito-plokstes.lt\/#organization\"},\"potentialAction\":[{\"@type\":\"SearchAction\",\"target\":\"https:\/\/granito-plokstes.lt\/?s={search_term_string}\",\"query-input\":\"required name=search_term_string\"}],\"inLanguage\":\"lt-LT\"},{\"@type\":\"WebPage\",\"@id\":\"https:\/\/granito-plokstes.lt\/?page_id=16502#webpage\",\"url\":\"https:\/\/granito-plokstes.lt\/?page_id=16502\",\"name\":\"Kapo papuo\\u0161imas skaldele - Granito plok\\u0161t\\u0117s Granito skalda neleid\\u017eia augti pikt\\u017eol\\u0117ms apsaugo kap\\u0105 nuo smulki\\u0173 kenk\\u0117j\\u0173 | \\u0413\\u0440\\u0430\\u043d\\u0438\\u0442\\u043d\\u0430\\u044f \\u0449\\u0435\\u0431\\u0435\\u043d\\u044c.\",\"isPartOf\":{\"@id\":\"https:\/\/granito-plokstes.lt\/#website\"},\"datePublished\":\"2021-01-21T09:18:09+00:00\",\"dateModified\":\"2021-02-10T13:23:42+00:00\",\"description\":\"Granito skalda neleid\\u017eia augti pikt\\u017eol\\u0117ms apsaugo kap\\u0105 nuo smulki\\u0173 kenk\\u0117j\\u0173 | \\u0413\\u0440\\u0430\\u043d\\u0438\\u0442\\u043d\\u0430\\u044f \\u0449\\u0435\\u0431\\u0435\\u043d\\u044c.\",\"inLanguage\":\"lt-LT\",\"potentialAction\":[{\"@type\":\"ReadAction\",\"target\":[\"https:\/\/granito-plokstes.lt\/?page_id=16502\"]}]}]}<\/script>\n<!-- \/ Yoast SEO Premium plugin. -->","_links":{"self":[{"href":"https:\/\/granito-plokstes.lt\/index.php?rest_route=\/wp\/v2\/pages\/16502"}],"collection":[{"href":"https:\/\/granito-plokstes.lt\/index.php?rest_route=\/wp\/v2\/pages"}],"about":[{"href":"https:\/\/granito-plokstes.lt\/index.php?rest_route=\/wp\/v2\/types\/page"}],"author":[{"embeddable":true,"href":"https:\/\/granito-plokstes.lt\/index.php?rest_route=\/wp\/v2\/users\/2"}],"replies":[{"embeddable":true,"href":"https:\/\/granito-plokstes.lt\/index.php?rest_route=%2Fwp%2Fv2%2Fcomments&post=16502"}],"version-history":[{"count":10,"href":"https:\/\/granito-plokstes.lt\/index.php?rest_route=\/wp\/v2\/pages\/16502\/revisions"}],"predecessor-version":[{"id":16826,"href":"https:\/\/granito-plokstes.lt\/index.php?rest_route=\/wp\/v2\/pages\/16502\/revisions\/16826"}],"up":[{"embeddable":true,"href":"https:\/\/granito-plokstes.lt\/index.php?rest_route=\/wp\/v2\/pages\/821"}],"wp:attachment":[{"href":"https:\/\/granito-plokstes.lt\/index.php?rest_route=%2Fwp%2Fv2%2Fmedia&parent=16502"}],"curies":[{"name":"wp","href":"https:\/\/api.w.org\/{rel}","templated":true}]}}