{"id":16522,"date":"2021-01-21T09:18:09","date_gmt":"2021-01-21T07:18:09","guid":{"rendered":"https:\/\/granito-plokstes.lt\/?page_id=16522"},"modified":"2021-02-10T15:32:50","modified_gmt":"2021-02-10T13:32:50","slug":"shortcodes-2-2-2","status":"publish","type":"page","link":"https:\/\/granito-plokstes.lt\/?page_id=16522","title":{"rendered":"Skulpt\u016bros kapams"},"content":{"rendered":"<div  class='avia-gallery  avia-gallery-1 avia_lazyload avia-gallery-animate avia_animate_when_visible  avia-builder-el-0  el_before_av_heading  avia-builder-el-first '  itemprop=\"image\" itemscope=\"itemscope\" itemtype=\"https:\/\/schema.org\/ImageObject\" ><div class='avia-gallery-thumb'> <a href='https:\/\/granito-plokstes.lt\/wp-content\/uploads\/2021\/01\/P6100050-1030x773.jpg' data-rel='gallery-1' data-prev-img='https:\/\/granito-plokstes.lt\/wp-content\/uploads\/2021\/01\/P6100050-495x400.jpg' class='first_thumb lightbox ' data-onclick='1' title='P6100050'  itemprop=\"thumbnailUrl\"  ><img loading=\"lazy\" class=\"wp-image-16537 avia-img-lazy-loading-16537\"   src=\"https:\/\/granito-plokstes.lt\/wp-content\/uploads\/2021\/01\/P6100050-845x684.jpg\" width=\"845\" height=\"684\"  title='P6100050' alt='' srcset=\"https:\/\/granito-plokstes.lt\/wp-content\/uploads\/2021\/01\/P6100050-845x684.jpg 845w, https:\/\/granito-plokstes.lt\/wp-content\/uploads\/2021\/01\/P6100050-495x400.jpg 495w\" sizes=\"(max-width: 845px) 100vw, 845px\" \/><\/a> <a href='https:\/\/granito-plokstes.lt\/wp-content\/uploads\/2021\/01\/Paminklo-kolonos-iA\uf8fc-Olive-green-granito-773x1030.jpg' data-rel='gallery-1' data-prev-img='https:\/\/granito-plokstes.lt\/wp-content\/uploads\/2021\/01\/Paminklo-kolonos-iA\uf8fc-Olive-green-granito-495x400.jpg' class='lightbox ' data-onclick='2' title='Paminklo-kolonos-i\u00c5\uf8fc-Olive-green-granito'  itemprop=\"thumbnailUrl\"  ><img loading=\"lazy\" class=\"wp-image-16536 avia-img-lazy-loading-16536\"   src=\"https:\/\/granito-plokstes.lt\/wp-content\/uploads\/2021\/01\/Paminklo-kolonos-iA\uf8fc-Olive-green-granito-845x684.jpg\" width=\"845\" height=\"684\"  title='Paminklo-kolonos-i\u00c5\uf8fc-Olive-green-granito' alt='' srcset=\"https:\/\/granito-plokstes.lt\/wp-content\/uploads\/2021\/01\/Paminklo-kolonos-iA\uf8fc-Olive-green-granito-845x684.jpg 845w, https:\/\/granito-plokstes.lt\/wp-content\/uploads\/2021\/01\/Paminklo-kolonos-iA\uf8fc-Olive-green-granito-495x400.jpg 495w\" sizes=\"(max-width: 845px) 100vw, 845px\" \/><\/a> <a href='https:\/\/granito-plokstes.lt\/wp-content\/uploads\/2021\/01\/200951942230322.jpg' data-rel='gallery-1' data-prev-img='https:\/\/granito-plokstes.lt\/wp-content\/uploads\/2021\/01\/200951942230322-400x400.jpg' class='lightbox ' data-onclick='3' title='200951942230322'  itemprop=\"thumbnailUrl\"  ><img loading=\"lazy\" class=\"wp-image-16535 avia-img-lazy-loading-16535\"   src=\"https:\/\/granito-plokstes.lt\/wp-content\/uploads\/2021\/01\/200951942230322.jpg\" width=\"400\" height=\"533\"  title='200951942230322' alt='' srcset=\"https:\/\/granito-plokstes.lt\/wp-content\/uploads\/2021\/01\/200951942230322.jpg 400w, https:\/\/granito-plokstes.lt\/wp-content\/uploads\/2021\/01\/200951942230322-225x300.jpg 225w\" sizes=\"(max-width: 400px) 100vw, 400px\" \/><\/a> <a href='https:\/\/granito-plokstes.lt\/wp-content\/uploads\/2021\/01\/2009616162452-111.jpg' data-rel='gallery-1' data-prev-img='https:\/\/granito-plokstes.lt\/wp-content\/uploads\/2021\/01\/2009616162452-111-495x400.jpg' class='lightbox ' data-onclick='4' title='2009616162452-111'  itemprop=\"thumbnailUrl\"  ><img loading=\"lazy\" class=\"wp-image-16534 avia-img-lazy-loading-16534\"   src=\"https:\/\/granito-plokstes.lt\/wp-content\/uploads\/2021\/01\/2009616162452-111.jpg\" width=\"600\" height=\"600\"  title='2009616162452-111' alt='' srcset=\"https:\/\/granito-plokstes.lt\/wp-content\/uploads\/2021\/01\/2009616162452-111.jpg 600w, https:\/\/granito-plokstes.lt\/wp-content\/uploads\/2021\/01\/2009616162452-111-300x300.jpg 300w, https:\/\/granito-plokstes.lt\/wp-content\/uploads\/2021\/01\/2009616162452-111-80x80.jpg 80w, https:\/\/granito-plokstes.lt\/wp-content\/uploads\/2021\/01\/2009616162452-111-36x36.jpg 36w, https:\/\/granito-plokstes.lt\/wp-content\/uploads\/2021\/01\/2009616162452-111-180x180.jpg 180w\" sizes=\"(max-width: 600px) 100vw, 600px\" \/><\/a> <a href='https:\/\/granito-plokstes.lt\/wp-content\/uploads\/2021\/01\/2009616161750-koreg.jpg' data-rel='gallery-1' data-prev-img='https:\/\/granito-plokstes.lt\/wp-content\/uploads\/2021\/01\/2009616161750-koreg-495x400.jpg' class='lightbox ' data-onclick='5' title='2009616161750-koreg'  itemprop=\"thumbnailUrl\"  ><img loading=\"lazy\" class=\"wp-image-16533 avia-img-lazy-loading-16533\"   src=\"https:\/\/granito-plokstes.lt\/wp-content\/uploads\/2021\/01\/2009616161750-koreg.jpg\" width=\"600\" height=\"600\"  title='2009616161750-koreg' alt='' srcset=\"https:\/\/granito-plokstes.lt\/wp-content\/uploads\/2021\/01\/2009616161750-koreg.jpg 600w, https:\/\/granito-plokstes.lt\/wp-content\/uploads\/2021\/01\/2009616161750-koreg-300x300.jpg 300w, https:\/\/granito-plokstes.lt\/wp-content\/uploads\/2021\/01\/2009616161750-koreg-80x80.jpg 80w, https:\/\/granito-plokstes.lt\/wp-content\/uploads\/2021\/01\/2009616161750-koreg-36x36.jpg 36w, https:\/\/granito-plokstes.lt\/wp-content\/uploads\/2021\/01\/2009616161750-koreg-180x180.jpg 180w\" sizes=\"(max-width: 600px) 100vw, 600px\" \/><\/a> <a href='https:\/\/granito-plokstes.lt\/wp-content\/uploads\/2021\/01\/2009616161739-1.jpg' data-rel='gallery-1' data-prev-img='https:\/\/granito-plokstes.lt\/wp-content\/uploads\/2021\/01\/2009616161739-1-495x400.jpg' class='first_thumb lightbox ' data-onclick='6' title='2009616161739-1'  itemprop=\"thumbnailUrl\"  ><img loading=\"lazy\" class=\"wp-image-16532 avia-img-lazy-loading-16532\"   src=\"https:\/\/granito-plokstes.lt\/wp-content\/uploads\/2021\/01\/2009616161739-1.jpg\" width=\"600\" height=\"600\"  title='2009616161739-1' alt='' srcset=\"https:\/\/granito-plokstes.lt\/wp-content\/uploads\/2021\/01\/2009616161739-1.jpg 600w, https:\/\/granito-plokstes.lt\/wp-content\/uploads\/2021\/01\/2009616161739-1-300x300.jpg 300w, https:\/\/granito-plokstes.lt\/wp-content\/uploads\/2021\/01\/2009616161739-1-80x80.jpg 80w, https:\/\/granito-plokstes.lt\/wp-content\/uploads\/2021\/01\/2009616161739-1-36x36.jpg 36w, https:\/\/granito-plokstes.lt\/wp-content\/uploads\/2021\/01\/2009616161739-1-180x180.jpg 180w\" sizes=\"(max-width: 600px) 100vw, 600px\" \/><\/a> <a href='https:\/\/granito-plokstes.lt\/wp-content\/uploads\/2021\/01\/2009616161711-12.jpg' data-rel='gallery-1' data-prev-img='https:\/\/granito-plokstes.lt\/wp-content\/uploads\/2021\/01\/2009616161711-12-495x400.jpg' class='lightbox ' data-onclick='7' title='2009616161711-12'  itemprop=\"thumbnailUrl\"  ><img loading=\"lazy\" class=\"wp-image-16531 avia-img-lazy-loading-16531\"   src=\"https:\/\/granito-plokstes.lt\/wp-content\/uploads\/2021\/01\/2009616161711-12.jpg\" width=\"600\" height=\"600\"  title='2009616161711-12' alt='' srcset=\"https:\/\/granito-plokstes.lt\/wp-content\/uploads\/2021\/01\/2009616161711-12.jpg 600w, https:\/\/granito-plokstes.lt\/wp-content\/uploads\/2021\/01\/2009616161711-12-300x300.jpg 300w, https:\/\/granito-plokstes.lt\/wp-content\/uploads\/2021\/01\/2009616161711-12-80x80.jpg 80w, https:\/\/granito-plokstes.lt\/wp-content\/uploads\/2021\/01\/2009616161711-12-36x36.jpg 36w, https:\/\/granito-plokstes.lt\/wp-content\/uploads\/2021\/01\/2009616161711-12-180x180.jpg 180w\" sizes=\"(max-width: 600px) 100vw, 600px\" \/><\/a> <a href='https:\/\/granito-plokstes.lt\/wp-content\/uploads\/2021\/01\/200961616185-1-projektui.jpg' data-rel='gallery-1' data-prev-img='https:\/\/granito-plokstes.lt\/wp-content\/uploads\/2021\/01\/200961616185-1-projektui-495x400.jpg' class='lightbox ' data-onclick='8' title='200961616185-1-projektui'  itemprop=\"thumbnailUrl\"  ><img loading=\"lazy\" class=\"wp-image-16530 avia-img-lazy-loading-16530\"   src=\"https:\/\/granito-plokstes.lt\/wp-content\/uploads\/2021\/01\/200961616185-1-projektui.jpg\" width=\"600\" height=\"524\"  title='200961616185-1-projektui' alt='' srcset=\"https:\/\/granito-plokstes.lt\/wp-content\/uploads\/2021\/01\/200961616185-1-projektui.jpg 600w, https:\/\/granito-plokstes.lt\/wp-content\/uploads\/2021\/01\/200961616185-1-projektui-300x262.jpg 300w\" sizes=\"(max-width: 600px) 100vw, 600px\" \/><\/a> <a href='https:\/\/granito-plokstes.lt\/wp-content\/uploads\/2021\/01\/200951954556775.jpg' data-rel='gallery-1' data-prev-img='https:\/\/granito-plokstes.lt\/wp-content\/uploads\/2021\/01\/200951954556775-495x281.jpg' class='lightbox ' data-onclick='9' title='200951954556775'  itemprop=\"thumbnailUrl\"  ><img loading=\"lazy\" class=\"wp-image-16529 avia-img-lazy-loading-16529\"   src=\"https:\/\/granito-plokstes.lt\/wp-content\/uploads\/2021\/01\/200951954556775.jpg\" width=\"500\" height=\"281\"  title='200951954556775' alt='' srcset=\"https:\/\/granito-plokstes.lt\/wp-content\/uploads\/2021\/01\/200951954556775.jpg 500w, https:\/\/granito-plokstes.lt\/wp-content\/uploads\/2021\/01\/200951954556775-300x169.jpg 300w\" sizes=\"(max-width: 500px) 100vw, 500px\" \/><\/a> <a href='https:\/\/granito-plokstes.lt\/wp-content\/uploads\/2021\/01\/200951953614805.jpg' data-rel='gallery-1' data-prev-img='https:\/\/granito-plokstes.lt\/wp-content\/uploads\/2021\/01\/200951953614805-400x400.jpg' class='lightbox ' data-onclick='10' title='200951953614805'  itemprop=\"thumbnailUrl\"  ><img loading=\"lazy\" class=\"wp-image-16528 avia-img-lazy-loading-16528\"   src=\"https:\/\/granito-plokstes.lt\/wp-content\/uploads\/2021\/01\/200951953614805-400x684.jpg\" width=\"400\" height=\"684\"  title='200951953614805' alt='' \/><\/a> <a href='https:\/\/granito-plokstes.lt\/wp-content\/uploads\/2021\/01\/200951945215305.jpg' data-rel='gallery-1' data-prev-img='https:\/\/granito-plokstes.lt\/wp-content\/uploads\/2021\/01\/200951945215305-400x400.jpg' class='first_thumb lightbox ' data-onclick='11' title='200951945215305'  itemprop=\"thumbnailUrl\"  ><img loading=\"lazy\" class=\"wp-image-16527 avia-img-lazy-loading-16527\"   src=\"https:\/\/granito-plokstes.lt\/wp-content\/uploads\/2021\/01\/200951945215305.jpg\" width=\"400\" height=\"594\"  title='200951945215305' alt='' srcset=\"https:\/\/granito-plokstes.lt\/wp-content\/uploads\/2021\/01\/200951945215305.jpg 400w, https:\/\/granito-plokstes.lt\/wp-content\/uploads\/2021\/01\/200951945215305-202x300.jpg 202w\" sizes=\"(max-width: 400px) 100vw, 400px\" \/><\/a> <a href='https:\/\/granito-plokstes.lt\/wp-content\/uploads\/2021\/01\/200951944624580.jpg' data-rel='gallery-1' data-prev-img='https:\/\/granito-plokstes.lt\/wp-content\/uploads\/2021\/01\/200951944624580-400x400.jpg' class='lightbox ' data-onclick='12' title='200951944624580'  itemprop=\"thumbnailUrl\"  ><img loading=\"lazy\" class=\"wp-image-16526 avia-img-lazy-loading-16526\"   src=\"https:\/\/granito-plokstes.lt\/wp-content\/uploads\/2021\/01\/200951944624580.jpg\" width=\"400\" height=\"533\"  title='200951944624580' alt='' srcset=\"https:\/\/granito-plokstes.lt\/wp-content\/uploads\/2021\/01\/200951944624580.jpg 400w, https:\/\/granito-plokstes.lt\/wp-content\/uploads\/2021\/01\/200951944624580-225x300.jpg 225w\" sizes=\"(max-width: 400px) 100vw, 400px\" \/><\/a> <a href='https:\/\/granito-plokstes.lt\/wp-content\/uploads\/2021\/01\/200951924646394.jpg' data-rel='gallery-1' data-prev-img='https:\/\/granito-plokstes.lt\/wp-content\/uploads\/2021\/01\/200951924646394.jpg' class='lightbox ' data-onclick='13' title='200951924646394'  itemprop=\"thumbnailUrl\"  ><img loading=\"lazy\" class=\"wp-image-16525 avia-img-lazy-loading-16525\"   src=\"https:\/\/granito-plokstes.lt\/wp-content\/uploads\/2021\/01\/200951924646394.jpg\" width=\"400\" height=\"232\"  title='200951924646394' alt='' srcset=\"https:\/\/granito-plokstes.lt\/wp-content\/uploads\/2021\/01\/200951924646394.jpg 400w, https:\/\/granito-plokstes.lt\/wp-content\/uploads\/2021\/01\/200951924646394-300x174.jpg 300w\" sizes=\"(max-width: 400px) 100vw, 400px\" \/><\/a><\/div><\/div>\n<div  style='padding-bottom:10px; ' class='av-special-heading av-special-heading-h3    avia-builder-el-1  el_after_av_gallery  el_before_av_textblock  '><h3 class='av-special-heading-tag '  itemprop=\"headline\"  >Skulpt\u016bros ant kapo: k\u0105 u\u017esisakyti<\/h3><div class='special-heading-border'><div class='special-heading-inner-border' ><\/div><\/div><\/div>\n<section class=\"av_textblock_section \"  itemscope=\"itemscope\" itemtype=\"https:\/\/schema.org\/CreativeWork\" ><div class='avia_textblock  '   itemprop=\"text\" ><h6><\/h6>\n<blockquote>\n<p><strong>Skulpt\u016bra ant kapo.<\/strong> <span class=\"VIiyi\" lang=\"lt\"><span class=\"JLqJ4b ChMk0b\" data-language-for-alternatives=\"lt\" data-language-to-translate-into=\"ru\" data-phrase-index=\"0\">Kapo papuo\u0161imas papildomais elementais yra vienas i\u0161 b\u016bd\u0173 pagerbti mirusiojo atminim\u0105.<\/span> <span class=\"JLqJ4b ChMk0b\" data-language-for-alternatives=\"lt\" data-language-to-translate-into=\"ru\" data-phrase-index=\"1\">Skulpt\u016brin\u0117s kompozicijos pabr\u0117\u0161 artim\u0173j\u0173 ar artim\u0173 \u017emoni\u0173 po\u017ei\u016br\u012f \u012f j\u012f.<\/span><\/span><\/p>\n<\/blockquote>\n<\/div><\/section>\n<section class=\"av_textblock_section \"  itemscope=\"itemscope\" itemtype=\"https:\/\/schema.org\/CreativeWork\" ><div class='avia_textblock  '   itemprop=\"text\" ><blockquote>\n<p><strong>Originalu.<\/strong> <span class=\"VIiyi\" lang=\"lt\"><span class=\"JLqJ4b ChMk0b\" data-language-for-alternatives=\"lt\" data-language-to-translate-into=\"ru\" data-phrase-index=\"0\">Skulpt\u016brin\u0117s kompozicijos naudojamos tiek vietoj tradicinio paminklo, tiek kaip jo priedas.<\/span><\/span><\/p>\n<\/blockquote>\n<\/div><\/section>\n<section class=\"av_textblock_section \"  itemscope=\"itemscope\" itemtype=\"https:\/\/schema.org\/CreativeWork\" ><div class='avia_textblock  '   itemprop=\"text\" ><blockquote>\n<p><strong>D<span class=\"VIiyi\" lang=\"lt\"><span class=\"JLqJ4b ChMk0b\" data-language-for-alternatives=\"lt\" data-language-to-translate-into=\"ru\" data-phrase-index=\"1\">irbtinis akmuo<\/span><\/span>.<\/strong> <span class=\"VIiyi\" lang=\"lt\"><span class=\"JLqJ4b ChMk0b\" data-language-for-alternatives=\"lt\" data-language-to-translate-into=\"ru\" data-phrase-index=\"0\">\u017dinoma, m\u016bs\u0173 laikais yra kit\u0173, sud\u0117tingesni\u0173 skulpt\u016br\u0173 darymo b\u016bd\u0173, \u012fskaitant ir rank\u0173 darb\u0105 i\u0161 vieno akmens gabalo.<\/span> <span class=\"JLqJ4b ChMk0b\" data-language-for-alternatives=\"lt\" data-language-to-translate-into=\"ru\" data-phrase-index=\"1\">Ta\u010diau tai labai retai naudojama ritualin\u0117je srityje d\u0117l didelio j\u0173 gamybos proceso sud\u0117tingumo. \u0160iandien kap\u0173 skulpt\u016bros daromos i\u0161 t\u0173 pa\u010di\u0173 med\u017eiag\u0173 kaip ir paminklai. Paklausiausia med\u017eiaga yra dirbtinis akmuo (lietinis marmuras), leid\u017eiantis gauti bet kokio sud\u0117tingumo gaminius. \u0160i med\u017eiaga eksploatuojant parodo savo ger\u0105 pus\u0119, nebijant \u0161al\u010dio, saul\u0117s, lietaus ir mechanini\u0173 pa\u017eeidim\u0173.<\/span><\/span><\/p>\n<\/blockquote>\n<\/div><\/section>\n<div  style='height:30px' class='hr hr-invisible   avia-builder-el-5  el_after_av_textblock  el_before_av_heading '><span class='hr-inner ' ><span class='hr-inner-style'><\/span><\/span><\/div>\n<div  style='padding-bottom:10px; color:#b02b2c;' class='av-special-heading av-special-heading-h3 custom-color-heading blockquote classic-quote  avia-builder-el-6  el_after_av_hr  el_before_av_hr  '><h3 class='av-special-heading-tag '  itemprop=\"headline\"  >Skulpt\u016brin\u0117s kompozicijos pabr\u0117\u0161 artim\u0173j\u0173 ar artim\u0173 \u017emoni\u0173 po\u017ei\u016br\u012f \u012f j\u012f.<\/h3><div class='special-heading-border'><div class='special-heading-inner-border' style='border-color:#b02b2c'><\/div><\/div><\/div>\n<div   class='hr hr-default   avia-builder-el-7  el_after_av_heading  avia-builder-el-last '><span class='hr-inner ' ><span class='hr-inner-style'><\/span><\/span><\/div>\n","protected":false},"excerpt":{"rendered":"","protected":false},"author":2,"featured_media":0,"parent":821,"menu_order":0,"comment_status":"closed","ping_status":"closed","template":"","meta":[],"yoast_head":"<!-- This site is optimized with the Yoast SEO Premium plugin v15.7 - https:\/\/yoast.com\/wordpress\/plugins\/seo\/ -->\n<title>Skulpt\u016bros kapams - Granito plok\u0161t\u0117s Skulpt\u016br\u0173 gamyba | \u0421\u043a\u0443\u043b\u044c\u043f\u0442\u0443\u0440\u044b \u0434\u043b\u044f \u043a\u043b\u0430\u0434\u0431\u0438\u0449\u0430<\/title>\n<meta name=\"description\" content=\"Skulpt\u016br\u0173 gamyba kapams Skulpt\u016brin\u0117s kompozicijos | \u0421\u043a\u0443\u043b\u044c\u043f\u0442\u0443\u0440\u044b \u0434\u043b\u044f \u043c\u043e\u0433\u0438\u043b\u044b\" \/>\n<meta name=\"robots\" content=\"index, follow, max-snippet:-1, max-image-preview:large, max-video-preview:-1\" \/>\n<link rel=\"canonical\" href=\"https:\/\/granito-plokstes.lt\/?page_id=16522\" \/>\n<meta property=\"og:locale\" content=\"lt_LT\" \/>\n<meta property=\"og:type\" content=\"article\" \/>\n<meta property=\"og:title\" content=\"Skulpt\u016bros kapams - Granito plok\u0161t\u0117s Skulpt\u016br\u0173 gamyba | \u0421\u043a\u0443\u043b\u044c\u043f\u0442\u0443\u0440\u044b \u0434\u043b\u044f \u043a\u043b\u0430\u0434\u0431\u0438\u0449\u0430\" \/>\n<meta property=\"og:description\" content=\"Skulpt\u016br\u0173 gamyba kapams Skulpt\u016brin\u0117s kompozicijos | \u0421\u043a\u0443\u043b\u044c\u043f\u0442\u0443\u0440\u044b \u0434\u043b\u044f \u043c\u043e\u0433\u0438\u043b\u044b\" \/>\n<meta property=\"og:url\" content=\"https:\/\/granito-plokstes.lt\/?page_id=16522\" \/>\n<meta property=\"og:site_name\" content=\"Granito plok\u0161t\u0117s\" \/>\n<meta property=\"article:publisher\" content=\"https:\/\/www.facebook.com\/1paminklai\" \/>\n<meta property=\"article:modified_time\" content=\"2021-02-10T13:32:50+00:00\" \/>\n<meta name=\"twitter:card\" content=\"summary_large_image\" \/>\n<meta name=\"twitter:label1\" content=\"Est. reading time\">\n\t<meta name=\"twitter:data1\" content=\"2 minut\u0117s\">\n<script type=\"application\/ld+json\" class=\"yoast-schema-graph\">{\"@context\":\"https:\/\/schema.org\",\"@graph\":[{\"@type\":\"Organization\",\"@id\":\"https:\/\/granito-plokstes.lt\/#organization\",\"name\":\"Granito plok\\u0161t\\u0117s, paminklai, plytel\\u0117s, skalda\",\"url\":\"https:\/\/granito-plokstes.lt\/\",\"sameAs\":[\"https:\/\/www.facebook.com\/1paminklai\"],\"logo\":{\"@type\":\"ImageObject\",\"@id\":\"https:\/\/granito-plokstes.lt\/#logo\",\"inLanguage\":\"lt-LT\",\"url\":\"https:\/\/granito-plokstes.lt\/wp-content\/uploads\/2021\/01\/granito_plokstes_logo2.png\",\"width\":350,\"height\":218,\"caption\":\"Granito plok\\u0161t\\u0117s, paminklai, plytel\\u0117s, skalda\"},\"image\":{\"@id\":\"https:\/\/granito-plokstes.lt\/#logo\"}},{\"@type\":\"WebSite\",\"@id\":\"https:\/\/granito-plokstes.lt\/#website\",\"url\":\"https:\/\/granito-plokstes.lt\/\",\"name\":\"Granito plok\\u0161t\\u0117s\",\"description\":\"Mes galime j\\u016bs\\u0173 vizija paversti realybe\",\"publisher\":{\"@id\":\"https:\/\/granito-plokstes.lt\/#organization\"},\"potentialAction\":[{\"@type\":\"SearchAction\",\"target\":\"https:\/\/granito-plokstes.lt\/?s={search_term_string}\",\"query-input\":\"required name=search_term_string\"}],\"inLanguage\":\"lt-LT\"},{\"@type\":\"WebPage\",\"@id\":\"https:\/\/granito-plokstes.lt\/?page_id=16522#webpage\",\"url\":\"https:\/\/granito-plokstes.lt\/?page_id=16522\",\"name\":\"Skulpt\\u016bros kapams - Granito plok\\u0161t\\u0117s Skulpt\\u016br\\u0173 gamyba | \\u0421\\u043a\\u0443\\u043b\\u044c\\u043f\\u0442\\u0443\\u0440\\u044b \\u0434\\u043b\\u044f \\u043a\\u043b\\u0430\\u0434\\u0431\\u0438\\u0449\\u0430\",\"isPartOf\":{\"@id\":\"https:\/\/granito-plokstes.lt\/#website\"},\"datePublished\":\"2021-01-21T07:18:09+00:00\",\"dateModified\":\"2021-02-10T13:32:50+00:00\",\"description\":\"Skulpt\\u016br\\u0173 gamyba kapams Skulpt\\u016brin\\u0117s kompozicijos | \\u0421\\u043a\\u0443\\u043b\\u044c\\u043f\\u0442\\u0443\\u0440\\u044b \\u0434\\u043b\\u044f \\u043c\\u043e\\u0433\\u0438\\u043b\\u044b\",\"inLanguage\":\"lt-LT\",\"potentialAction\":[{\"@type\":\"ReadAction\",\"target\":[\"https:\/\/granito-plokstes.lt\/?page_id=16522\"]}]}]}<\/script>\n<!-- \/ Yoast SEO Premium plugin. -->","_links":{"self":[{"href":"https:\/\/granito-plokstes.lt\/index.php?rest_route=\/wp\/v2\/pages\/16522"}],"collection":[{"href":"https:\/\/granito-plokstes.lt\/index.php?rest_route=\/wp\/v2\/pages"}],"about":[{"href":"https:\/\/granito-plokstes.lt\/index.php?rest_route=\/wp\/v2\/types\/page"}],"author":[{"embeddable":true,"href":"https:\/\/granito-plokstes.lt\/index.php?rest_route=\/wp\/v2\/users\/2"}],"replies":[{"embeddable":true,"href":"https:\/\/granito-plokstes.lt\/index.php?rest_route=%2Fwp%2Fv2%2Fcomments&post=16522"}],"version-history":[{"count":4,"href":"https:\/\/granito-plokstes.lt\/index.php?rest_route=\/wp\/v2\/pages\/16522\/revisions"}],"predecessor-version":[{"id":16828,"href":"https:\/\/granito-plokstes.lt\/index.php?rest_route=\/wp\/v2\/pages\/16522\/revisions\/16828"}],"up":[{"embeddable":true,"href":"https:\/\/granito-plokstes.lt\/index.php?rest_route=\/wp\/v2\/pages\/821"}],"wp:attachment":[{"href":"https:\/\/granito-plokstes.lt\/index.php?rest_route=%2Fwp%2Fv2%2Fmedia&parent=16522"}],"curies":[{"name":"wp","href":"https:\/\/api.w.org\/{rel}","templated":true}]}}