{"id":16541,"date":"2021-01-21T10:18:09","date_gmt":"2021-01-21T08:18:09","guid":{"rendered":"https:\/\/granito-plokstes.lt\/?page_id=16541"},"modified":"2021-02-10T15:39:37","modified_gmt":"2021-02-10T13:39:37","slug":"shortcodes-2-2-2-2","status":"publish","type":"page","link":"https:\/\/granito-plokstes.lt\/?page_id=16541","title":{"rendered":"Vienos dalies paminklai"},"content":{"rendered":"<div  class='avia-gallery  avia-gallery-1 avia_lazyload avia-gallery-animate avia_animate_when_visible  avia-builder-el-0  el_before_av_heading  avia-builder-el-first '  itemprop=\"image\" itemscope=\"itemscope\" itemtype=\"https:\/\/schema.org\/ImageObject\" ><div class='avia-gallery-thumb'> <a href='https:\/\/granito-plokstes.lt\/wp-content\/uploads\/2021\/01\/1_1Nuotrauka-0002.jpg' data-rel='gallery-1' data-prev-img='https:\/\/granito-plokstes.lt\/wp-content\/uploads\/2021\/01\/1_1Nuotrauka-0002-495x400.jpg' class='first_thumb lightbox ' data-onclick='1' title='1_1Nuotrauka-0002'  itemprop=\"thumbnailUrl\"  ><img loading=\"lazy\" class=\"wp-image-16548 avia-img-lazy-loading-16548\"   src=\"https:\/\/granito-plokstes.lt\/wp-content\/uploads\/2021\/01\/1_1Nuotrauka-0002-729x684.jpg\" width=\"729\" height=\"684\"  title='1_1Nuotrauka-0002' alt='' \/><\/a> <a href='https:\/\/granito-plokstes.lt\/wp-content\/uploads\/2021\/01\/Nuotrauka-0128.jpg' data-rel='gallery-1' data-prev-img='https:\/\/granito-plokstes.lt\/wp-content\/uploads\/2021\/01\/Nuotrauka-0128-495x400.jpg' class='lightbox ' data-onclick='2' title='Nuotrauka-0128'  itemprop=\"thumbnailUrl\"  ><img loading=\"lazy\" class=\"wp-image-16549 avia-img-lazy-loading-16549\"   src=\"https:\/\/granito-plokstes.lt\/wp-content\/uploads\/2021\/01\/Nuotrauka-0128-845x684.jpg\" width=\"845\" height=\"684\"  title='Nuotrauka-0128' alt='' srcset=\"https:\/\/granito-plokstes.lt\/wp-content\/uploads\/2021\/01\/Nuotrauka-0128-845x684.jpg 845w, https:\/\/granito-plokstes.lt\/wp-content\/uploads\/2021\/01\/Nuotrauka-0128-495x400.jpg 495w\" sizes=\"(max-width: 845px) 100vw, 845px\" \/><\/a> <a href='https:\/\/granito-plokstes.lt\/wp-content\/uploads\/2021\/01\/P7310183-1030x773.jpg' data-rel='gallery-1' data-prev-img='https:\/\/granito-plokstes.lt\/wp-content\/uploads\/2021\/01\/P7310183-495x400.jpg' class='lightbox ' data-onclick='3' title='P7310183'  itemprop=\"thumbnailUrl\"  ><img loading=\"lazy\" class=\"wp-image-16550 avia-img-lazy-loading-16550\"   src=\"https:\/\/granito-plokstes.lt\/wp-content\/uploads\/2021\/01\/P7310183-845x684.jpg\" width=\"845\" height=\"684\"  title='P7310183' alt='' srcset=\"https:\/\/granito-plokstes.lt\/wp-content\/uploads\/2021\/01\/P7310183-845x684.jpg 845w, https:\/\/granito-plokstes.lt\/wp-content\/uploads\/2021\/01\/P7310183-495x400.jpg 495w\" sizes=\"(max-width: 845px) 100vw, 845px\" \/><\/a><\/div><\/div>\n<div  style='padding-bottom:10px; ' class='av-special-heading av-special-heading-h3    avia-builder-el-1  el_after_av_gallery  el_before_av_textblock  '><h3 class='av-special-heading-tag '  itemprop=\"headline\"  >Sprendimai tvarkingam kapui<\/h3><div class='special-heading-border'><div class='special-heading-inner-border' ><\/div><\/div><\/div>\n<section class=\"av_textblock_section \"  itemscope=\"itemscope\" itemtype=\"https:\/\/schema.org\/CreativeWork\" ><div class='avia_textblock  '   itemprop=\"text\" ><blockquote>\n<p><strong>Granito paminklai.<\/strong> Paminklas ne tik padeda atskirti kap\u0105 nuo kit\u0173. Tai \u2013 puiki priemon\u0117 individualiam, skoningam velionio atminimui \u012fam\u017einti. Granitas pasi\u017eymi patvarumu, ilgaam\u017ei\u0161kumu, spalv\u0173, ra\u0161to \u012fvairove.<\/p>\n<\/blockquote>\n<\/div><\/section>\n<section class=\"av_textblock_section \"  itemscope=\"itemscope\" itemtype=\"https:\/\/schema.org\/CreativeWork\" ><div class='avia_textblock  '   itemprop=\"text\" ><blockquote>\n<p><strong>Galimyb\u0117s.<\/strong>\u00a0Ant tokio paminklo galite tvirtinti mirusiojo nuotrauk\u0105, i\u0161graviruoti atvaizd\u0105 ar prasmingus \u017eod\u017eius. Granito paminklas gali b\u016bti dekoruojamas ir bronzos raid\u0117mis ar kitokiomis detal\u0117mis.<\/p>\n<\/blockquote>\n<\/div><\/section>\n<div  style='height:30px' class='hr hr-invisible   avia-builder-el-4  el_after_av_textblock  el_before_av_heading '><span class='hr-inner ' ><span class='hr-inner-style'><\/span><\/span><\/div>\n<div  style='padding-bottom:10px; color:#b02b2c;' class='av-special-heading av-special-heading-h3 custom-color-heading blockquote classic-quote  avia-builder-el-5  el_after_av_hr  el_before_av_hr  '><h3 class='av-special-heading-tag '  itemprop=\"headline\"  >Paminklas \u2013 taip pat subtilus, individualumo suteikiantis sprendimas.<\/h3><div class='special-heading-border'><div class='special-heading-inner-border' style='border-color:#b02b2c'><\/div><\/div><\/div>\n<div   class='hr hr-default   avia-builder-el-6  el_after_av_heading  avia-builder-el-last '><span class='hr-inner ' ><span class='hr-inner-style'><\/span><\/span><\/div>\n","protected":false},"excerpt":{"rendered":"","protected":false},"author":2,"featured_media":0,"parent":821,"menu_order":0,"comment_status":"closed","ping_status":"closed","template":"","meta":[],"yoast_head":"<!-- This site is optimized with the Yoast SEO Premium plugin v15.7 - https:\/\/yoast.com\/wordpress\/plugins\/seo\/ -->\n<title>Vienos dalies paminklai - Granito plok\u0161t\u0117s ir antkapiai yra sudaryti i\u0161 vienos dalies akmens be joki\u0173 sujungim\u0173.<\/title>\n<meta name=\"description\" content=\"Vienos dalies paminklai ir antkapiai yra sudaryti i\u0161 vienos dalies akmens be joki\u0173 sujungim\u0173. \u041f\u0430\u043c\u044f\u0442\u043d\u0438\u043a\u0438 \u0438\u0437 \u043e\u0434\u043d\u043e\u0439 \u0447\u0430\u0441\u0442\u0438. Monuments of one part\" \/>\n<meta name=\"robots\" content=\"index, follow, max-snippet:-1, max-image-preview:large, max-video-preview:-1\" \/>\n<link rel=\"canonical\" href=\"https:\/\/granito-plokstes.lt\/?page_id=16541\" \/>\n<meta property=\"og:locale\" content=\"lt_LT\" \/>\n<meta property=\"og:type\" content=\"article\" \/>\n<meta property=\"og:title\" content=\"Vienos dalies paminklai - Granito plok\u0161t\u0117s ir antkapiai yra sudaryti i\u0161 vienos dalies akmens be joki\u0173 sujungim\u0173.\" \/>\n<meta property=\"og:description\" content=\"Vienos dalies paminklai ir antkapiai yra sudaryti i\u0161 vienos dalies akmens be joki\u0173 sujungim\u0173. \u041f\u0430\u043c\u044f\u0442\u043d\u0438\u043a\u0438 \u0438\u0437 \u043e\u0434\u043d\u043e\u0439 \u0447\u0430\u0441\u0442\u0438. Monuments of one part\" \/>\n<meta property=\"og:url\" content=\"https:\/\/granito-plokstes.lt\/?page_id=16541\" \/>\n<meta property=\"og:site_name\" content=\"Granito plok\u0161t\u0117s\" \/>\n<meta property=\"article:publisher\" content=\"https:\/\/www.facebook.com\/1paminklai\" \/>\n<meta property=\"article:modified_time\" content=\"2021-02-10T13:39:37+00:00\" \/>\n<meta name=\"twitter:card\" content=\"summary_large_image\" \/>\n<meta name=\"twitter:label1\" content=\"Est. reading time\">\n\t<meta name=\"twitter:data1\" content=\"1 minut\u0117\">\n<script type=\"application\/ld+json\" class=\"yoast-schema-graph\">{\"@context\":\"https:\/\/schema.org\",\"@graph\":[{\"@type\":\"Organization\",\"@id\":\"https:\/\/granito-plokstes.lt\/#organization\",\"name\":\"Granito plok\\u0161t\\u0117s, paminklai, plytel\\u0117s, skalda\",\"url\":\"https:\/\/granito-plokstes.lt\/\",\"sameAs\":[\"https:\/\/www.facebook.com\/1paminklai\"],\"logo\":{\"@type\":\"ImageObject\",\"@id\":\"https:\/\/granito-plokstes.lt\/#logo\",\"inLanguage\":\"lt-LT\",\"url\":\"https:\/\/granito-plokstes.lt\/wp-content\/uploads\/2021\/01\/granito_plokstes_logo2.png\",\"width\":350,\"height\":218,\"caption\":\"Granito plok\\u0161t\\u0117s, paminklai, plytel\\u0117s, skalda\"},\"image\":{\"@id\":\"https:\/\/granito-plokstes.lt\/#logo\"}},{\"@type\":\"WebSite\",\"@id\":\"https:\/\/granito-plokstes.lt\/#website\",\"url\":\"https:\/\/granito-plokstes.lt\/\",\"name\":\"Granito plok\\u0161t\\u0117s\",\"description\":\"Mes galime j\\u016bs\\u0173 vizija paversti realybe\",\"publisher\":{\"@id\":\"https:\/\/granito-plokstes.lt\/#organization\"},\"potentialAction\":[{\"@type\":\"SearchAction\",\"target\":\"https:\/\/granito-plokstes.lt\/?s={search_term_string}\",\"query-input\":\"required name=search_term_string\"}],\"inLanguage\":\"lt-LT\"},{\"@type\":\"WebPage\",\"@id\":\"https:\/\/granito-plokstes.lt\/?page_id=16541#webpage\",\"url\":\"https:\/\/granito-plokstes.lt\/?page_id=16541\",\"name\":\"Vienos dalies paminklai - Granito plok\\u0161t\\u0117s ir antkapiai yra sudaryti i\\u0161 vienos dalies akmens be joki\\u0173 sujungim\\u0173.\",\"isPartOf\":{\"@id\":\"https:\/\/granito-plokstes.lt\/#website\"},\"datePublished\":\"2021-01-21T08:18:09+00:00\",\"dateModified\":\"2021-02-10T13:39:37+00:00\",\"description\":\"Vienos dalies paminklai ir antkapiai yra sudaryti i\\u0161 vienos dalies akmens be joki\\u0173 sujungim\\u0173. \\u041f\\u0430\\u043c\\u044f\\u0442\\u043d\\u0438\\u043a\\u0438 \\u0438\\u0437 \\u043e\\u0434\\u043d\\u043e\\u0439 \\u0447\\u0430\\u0441\\u0442\\u0438. Monuments of one part\",\"inLanguage\":\"lt-LT\",\"potentialAction\":[{\"@type\":\"ReadAction\",\"target\":[\"https:\/\/granito-plokstes.lt\/?page_id=16541\"]}]}]}<\/script>\n<!-- \/ Yoast SEO Premium plugin. -->","_links":{"self":[{"href":"https:\/\/granito-plokstes.lt\/index.php?rest_route=\/wp\/v2\/pages\/16541"}],"collection":[{"href":"https:\/\/granito-plokstes.lt\/index.php?rest_route=\/wp\/v2\/pages"}],"about":[{"href":"https:\/\/granito-plokstes.lt\/index.php?rest_route=\/wp\/v2\/types\/page"}],"author":[{"embeddable":true,"href":"https:\/\/granito-plokstes.lt\/index.php?rest_route=\/wp\/v2\/users\/2"}],"replies":[{"embeddable":true,"href":"https:\/\/granito-plokstes.lt\/index.php?rest_route=%2Fwp%2Fv2%2Fcomments&post=16541"}],"version-history":[{"count":5,"href":"https:\/\/granito-plokstes.lt\/index.php?rest_route=\/wp\/v2\/pages\/16541\/revisions"}],"predecessor-version":[{"id":16553,"href":"https:\/\/granito-plokstes.lt\/index.php?rest_route=\/wp\/v2\/pages\/16541\/revisions\/16553"}],"up":[{"embeddable":true,"href":"https:\/\/granito-plokstes.lt\/index.php?rest_route=\/wp\/v2\/pages\/821"}],"wp:attachment":[{"href":"https:\/\/granito-plokstes.lt\/index.php?rest_route=%2Fwp%2Fv2%2Fmedia&parent=16541"}],"curies":[{"name":"wp","href":"https:\/\/api.w.org\/{rel}","templated":true}]}}