{"id":16592,"date":"2021-01-21T00:18:09","date_gmt":"2021-01-20T22:18:09","guid":{"rendered":"https:\/\/granito-plokstes.lt\/?page_id=16592"},"modified":"2021-02-10T14:56:51","modified_gmt":"2021-02-10T12:56:51","slug":"shortcodes-2-3-3","status":"publish","type":"page","link":"https:\/\/granito-plokstes.lt\/?page_id=16592","title":{"rendered":"Granito borteliai"},"content":{"rendered":"<div  class='avia-gallery  avia-gallery-1 avia_lazyload avia-gallery-animate avia_animate_when_visible  avia-builder-el-0  el_before_av_heading  avia-builder-el-first '  itemprop=\"image\" itemscope=\"itemscope\" itemtype=\"https:\/\/schema.org\/ImageObject\" ><div class='avia-gallery-thumb'> <a href='https:\/\/granito-plokstes.lt\/wp-content\/uploads\/2021\/01\/Sirdis-su-inkaru-1030x524.jpg' data-rel='gallery-1' data-prev-img='https:\/\/granito-plokstes.lt\/wp-content\/uploads\/2021\/01\/Sirdis-su-inkaru-495x400.jpg' class='first_thumb lightbox ' data-onclick='1' title='Sirdis-su-inkaru'  itemprop=\"thumbnailUrl\"  ><img loading=\"lazy\" class=\"wp-image-16495 avia-img-lazy-loading-16495\"   src=\"https:\/\/granito-plokstes.lt\/wp-content\/uploads\/2021\/01\/Sirdis-su-inkaru-845x611.jpg\" width=\"845\" height=\"611\"  title='Sirdis-su-inkaru' alt='' \/><\/a> <a href='https:\/\/granito-plokstes.lt\/wp-content\/uploads\/2021\/01\/Juodo-granito-tvorele-aplik-kapa.jpg' data-rel='gallery-1' data-prev-img='https:\/\/granito-plokstes.lt\/wp-content\/uploads\/2021\/01\/Juodo-granito-tvorele-aplik-kapa-495x400.jpg' class='lightbox ' data-onclick='2' title='Juodo-granito-tvorele-aplik-kapa'  itemprop=\"thumbnailUrl\"  ><img loading=\"lazy\" class=\"wp-image-16496 avia-img-lazy-loading-16496\"   src=\"https:\/\/granito-plokstes.lt\/wp-content\/uploads\/2021\/01\/Juodo-granito-tvorele-aplik-kapa-845x684.jpg\" width=\"845\" height=\"684\"  title='Juodo-granito-tvorele-aplik-kapa' alt='' srcset=\"https:\/\/granito-plokstes.lt\/wp-content\/uploads\/2021\/01\/Juodo-granito-tvorele-aplik-kapa-845x684.jpg 845w, https:\/\/granito-plokstes.lt\/wp-content\/uploads\/2021\/01\/Juodo-granito-tvorele-aplik-kapa-495x400.jpg 495w\" sizes=\"(max-width: 845px) 100vw, 845px\" \/><\/a> <a href='https:\/\/granito-plokstes.lt\/wp-content\/uploads\/2021\/01\/Juodi-granito-borteliai-apvalinti.-Rudo-granito-plokstes-per-viduri-1030x473.jpg' data-rel='gallery-1' data-prev-img='https:\/\/granito-plokstes.lt\/wp-content\/uploads\/2021\/01\/Juodi-granito-borteliai-apvalinti.-Rudo-granito-plokstes-per-viduri-495x400.jpg' class='lightbox ' data-onclick='3' title='Juodi-granito-borteliai-apvalinti.-Rudo-granito-plokstes-per-viduri'  itemprop=\"thumbnailUrl\"  ><img loading=\"lazy\" class=\"wp-image-16497 avia-img-lazy-loading-16497\"   src=\"https:\/\/granito-plokstes.lt\/wp-content\/uploads\/2021\/01\/Juodi-granito-borteliai-apvalinti.-Rudo-granito-plokstes-per-viduri-845x551.jpg\" width=\"845\" height=\"551\"  title='Juodi-granito-borteliai-apvalinti.-Rudo-granito-plokstes-per-viduri' alt='' \/><\/a> <a href='https:\/\/granito-plokstes.lt\/wp-content\/uploads\/2021\/01\/Kapas-dekoruotas-skaldele-1030x646.jpg' data-rel='gallery-1' data-prev-img='https:\/\/granito-plokstes.lt\/wp-content\/uploads\/2021\/01\/Kapas-dekoruotas-skaldele-495x400.jpg' class='lightbox ' data-onclick='4' title='Kapas-dekoruotas-skaldele'  itemprop=\"thumbnailUrl\"  ><img loading=\"lazy\" class=\"wp-image-16498 avia-img-lazy-loading-16498\"   src=\"https:\/\/granito-plokstes.lt\/wp-content\/uploads\/2021\/01\/Kapas-dekoruotas-skaldele-845x684.jpg\" width=\"845\" height=\"684\"  title='Kapas-dekoruotas-skaldele' alt='' srcset=\"https:\/\/granito-plokstes.lt\/wp-content\/uploads\/2021\/01\/Kapas-dekoruotas-skaldele-845x684.jpg 845w, https:\/\/granito-plokstes.lt\/wp-content\/uploads\/2021\/01\/Kapas-dekoruotas-skaldele-495x400.jpg 495w\" sizes=\"(max-width: 845px) 100vw, 845px\" \/><\/a><\/div><\/div>\n<div  style='padding-bottom:10px; ' class='av-special-heading av-special-heading-h3    avia-builder-el-1  el_after_av_gallery  el_before_av_textblock  '><h3 class='av-special-heading-tag '  itemprop=\"headline\"  >Kad dirvo\u017eemis nei\u0161siplaut\u0173 nuo kapo<\/h3><div class='special-heading-border'><div class='special-heading-inner-border' ><\/div><\/div><\/div>\n<section class=\"av_textblock_section \"  itemscope=\"itemscope\" itemtype=\"https:\/\/schema.org\/CreativeWork\" ><div class='avia_textblock  '   itemprop=\"text\" ><blockquote>\n<p><strong>Borteliai.<\/strong> Gana da\u017enai \u017emon\u0117s pra\u0161o m\u016bs\u0173 pagaminti ir sumontuoti bortelius mirusio artimo laidojimo vietoje. Kapas, aptvertas borteliu, bus patikimai apsaugotas. \u0160is ritualinis elementas daugiausia sumontuojamas tam, kad dirvo\u017eemis nei\u0161siplaut\u0173 nuo kapo. Be to, borteli\u0173 pagalba galite aptverti mirusiojo kap\u0105 nuo kit\u0173 palaidojim\u0173 \u0161alia.<\/p>\n<\/blockquote>\n<\/div><\/section>\n<div  style='height:30px' class='hr hr-invisible   avia-builder-el-3  el_after_av_textblock  avia-builder-el-last '><span class='hr-inner ' ><span class='hr-inner-style'><\/span><\/span><\/div>\n","protected":false},"excerpt":{"rendered":"","protected":false},"author":2,"featured_media":0,"parent":821,"menu_order":0,"comment_status":"closed","ping_status":"closed","template":"","meta":[],"yoast_head":"<!-- This site is optimized with the Yoast SEO Premium plugin v15.7 - https:\/\/yoast.com\/wordpress\/plugins\/seo\/ -->\n<title>Granito borteliai - Granito plok\u0161t\u0117s Granito borteliai gamyba | \u0411\u043e\u0440\u0442\u0438\u043a\u0438 \u0434\u043b\u044f \u043a\u043b\u0430\u0434\u0431\u0438\u0449\u0430<\/title>\n<meta name=\"description\" content=\"Granito borteliai gamyba. Kapas, aptvertas borteliu, bus patikimai apsaugotas.\" \/>\n<meta name=\"robots\" content=\"index, follow, max-snippet:-1, max-image-preview:large, max-video-preview:-1\" \/>\n<link rel=\"canonical\" href=\"https:\/\/granito-plokstes.lt\/?page_id=16592\" \/>\n<meta property=\"og:locale\" content=\"lt_LT\" \/>\n<meta property=\"og:type\" content=\"article\" \/>\n<meta property=\"og:title\" content=\"Granito borteliai - Granito plok\u0161t\u0117s Granito borteliai gamyba | \u0411\u043e\u0440\u0442\u0438\u043a\u0438 \u0434\u043b\u044f \u043a\u043b\u0430\u0434\u0431\u0438\u0449\u0430\" \/>\n<meta property=\"og:description\" content=\"Granito borteliai gamyba. Kapas, aptvertas borteliu, bus patikimai apsaugotas.\" \/>\n<meta property=\"og:url\" content=\"https:\/\/granito-plokstes.lt\/?page_id=16592\" \/>\n<meta property=\"og:site_name\" content=\"Granito plok\u0161t\u0117s\" \/>\n<meta property=\"article:publisher\" content=\"https:\/\/www.facebook.com\/1paminklai\" \/>\n<meta property=\"article:modified_time\" content=\"2021-02-10T12:56:51+00:00\" \/>\n<meta name=\"twitter:card\" content=\"summary_large_image\" \/>\n<meta name=\"twitter:label1\" content=\"Est. reading time\">\n\t<meta name=\"twitter:data1\" content=\"1 minut\u0117\">\n<script type=\"application\/ld+json\" class=\"yoast-schema-graph\">{\"@context\":\"https:\/\/schema.org\",\"@graph\":[{\"@type\":\"Organization\",\"@id\":\"https:\/\/granito-plokstes.lt\/#organization\",\"name\":\"Granito plok\\u0161t\\u0117s, paminklai, plytel\\u0117s, skalda\",\"url\":\"https:\/\/granito-plokstes.lt\/\",\"sameAs\":[\"https:\/\/www.facebook.com\/1paminklai\"],\"logo\":{\"@type\":\"ImageObject\",\"@id\":\"https:\/\/granito-plokstes.lt\/#logo\",\"inLanguage\":\"lt-LT\",\"url\":\"https:\/\/granito-plokstes.lt\/wp-content\/uploads\/2021\/01\/granito_plokstes_logo2.png\",\"width\":350,\"height\":218,\"caption\":\"Granito plok\\u0161t\\u0117s, paminklai, plytel\\u0117s, skalda\"},\"image\":{\"@id\":\"https:\/\/granito-plokstes.lt\/#logo\"}},{\"@type\":\"WebSite\",\"@id\":\"https:\/\/granito-plokstes.lt\/#website\",\"url\":\"https:\/\/granito-plokstes.lt\/\",\"name\":\"Granito plok\\u0161t\\u0117s\",\"description\":\"Mes galime j\\u016bs\\u0173 vizija paversti realybe\",\"publisher\":{\"@id\":\"https:\/\/granito-plokstes.lt\/#organization\"},\"potentialAction\":[{\"@type\":\"SearchAction\",\"target\":\"https:\/\/granito-plokstes.lt\/?s={search_term_string}\",\"query-input\":\"required name=search_term_string\"}],\"inLanguage\":\"lt-LT\"},{\"@type\":\"WebPage\",\"@id\":\"https:\/\/granito-plokstes.lt\/?page_id=16592#webpage\",\"url\":\"https:\/\/granito-plokstes.lt\/?page_id=16592\",\"name\":\"Granito borteliai - Granito plok\\u0161t\\u0117s Granito borteliai gamyba | \\u0411\\u043e\\u0440\\u0442\\u0438\\u043a\\u0438 \\u0434\\u043b\\u044f \\u043a\\u043b\\u0430\\u0434\\u0431\\u0438\\u0449\\u0430\",\"isPartOf\":{\"@id\":\"https:\/\/granito-plokstes.lt\/#website\"},\"datePublished\":\"2021-01-20T22:18:09+00:00\",\"dateModified\":\"2021-02-10T12:56:51+00:00\",\"description\":\"Granito borteliai gamyba. Kapas, aptvertas borteliu, bus patikimai apsaugotas.\",\"inLanguage\":\"lt-LT\",\"potentialAction\":[{\"@type\":\"ReadAction\",\"target\":[\"https:\/\/granito-plokstes.lt\/?page_id=16592\"]}]}]}<\/script>\n<!-- \/ Yoast SEO Premium plugin. -->","_links":{"self":[{"href":"https:\/\/granito-plokstes.lt\/index.php?rest_route=\/wp\/v2\/pages\/16592"}],"collection":[{"href":"https:\/\/granito-plokstes.lt\/index.php?rest_route=\/wp\/v2\/pages"}],"about":[{"href":"https:\/\/granito-plokstes.lt\/index.php?rest_route=\/wp\/v2\/types\/page"}],"author":[{"embeddable":true,"href":"https:\/\/granito-plokstes.lt\/index.php?rest_route=\/wp\/v2\/users\/2"}],"replies":[{"embeddable":true,"href":"https:\/\/granito-plokstes.lt\/index.php?rest_route=%2Fwp%2Fv2%2Fcomments&post=16592"}],"version-history":[{"count":1,"href":"https:\/\/granito-plokstes.lt\/index.php?rest_route=\/wp\/v2\/pages\/16592\/revisions"}],"predecessor-version":[{"id":16821,"href":"https:\/\/granito-plokstes.lt\/index.php?rest_route=\/wp\/v2\/pages\/16592\/revisions\/16821"}],"up":[{"embeddable":true,"href":"https:\/\/granito-plokstes.lt\/index.php?rest_route=\/wp\/v2\/pages\/821"}],"wp:attachment":[{"href":"https:\/\/granito-plokstes.lt\/index.php?rest_route=%2Fwp%2Fv2%2Fmedia&parent=16592"}],"curies":[{"name":"wp","href":"https:\/\/api.w.org\/{rel}","templated":true}]}}