{"id":821,"date":"2021-01-19T22:36:40","date_gmt":"2021-01-19T20:36:40","guid":{"rendered":"http:\/\/www.kriesi.at\/themes\/enfold\/?page_id=821"},"modified":"2023-10-02T13:58:38","modified_gmt":"2023-10-02T11:58:38","slug":"animated-image","status":"publish","type":"page","link":"https:\/\/granito-plokstes.lt\/?page_id=821","title":{"rendered":"Mes gaminame"},"content":{"rendered":"<div class=\"flex_column av_one_half  flex_column_div first  avia-builder-el-0  el_before_av_one_half  avia-builder-el-first  \" ><div  class='avia-image-container avia_animated_image avia_animate_when_almost_visible left-to-right av-styling-    avia-builder-el-1  avia-builder-el-no-sibling  avia-align-center '  itemprop=\"image\" itemscope=\"itemscope\" itemtype=\"https:\/\/schema.org\/ImageObject\"  ><div class='avia-image-container-inner'><div class='avia-image-overlay-wrap'><img class='wp-image-16447 avia-img-lazy-loading-not-16447 avia_image' src=\"https:\/\/granito-plokstes.lt\/wp-content\/uploads\/2021\/01\/prieziura_kapo-495x400.jpg\" alt='' title='prieziura_kapo' height=\"400\" width=\"495\"  itemprop=\"thumbnailUrl\"  \/><\/div><\/div><\/div><\/div><div class=\"flex_column av_one_half  flex_column_div   avia-builder-el-2  el_after_av_one_half  el_before_av_hr  \" ><section class=\"av_textblock_section \"  itemscope=\"itemscope\" itemtype=\"https:\/\/schema.org\/CreativeWork\" ><div class='avia_textblock  '   itemprop=\"text\" ><h2>Kap\u0173 prie\u017ei\u016bra: patarimai geriausiam rezultatui<\/h2>\n<\/div><\/section><br \/>\n<div   class='hr hr-short hr-left   avia-builder-el-4  el_after_av_textblock  el_before_av_textblock '><span class='hr-inner ' ><span class='hr-inner-style'><\/span><\/span><\/div><br \/>\n<section class=\"av_textblock_section \"  itemscope=\"itemscope\" itemtype=\"https:\/\/schema.org\/CreativeWork\" ><div class='avia_textblock  '   itemprop=\"text\" ><p>Kapo prie\u017ei\u016bra \u2013 ilgas procesas, reikalaujantis specifini\u0173 \u017eini\u0173, patirties ir i\u0161mon\u0117s. Prie\u017ei\u016bros etapus galite \u012fveikti patys arba patik\u0117ti juos \u012fmonei, kuri kapaviet\u0117s aplinka pasir\u016bpins iki menkiausi\u0173 smulkmen\u0173.<\/p>\n<p>Tinkamas kapo paruo\u0161imas tolesniems darbams \u2013 pirmas ir vienas svarbiausi\u0173 prie\u017ei\u016bros etap\u0173. Jis b\u016btinas tam, kad paminklai, kitokia kapaviet\u0117s puo\u0161yba b\u016bt\u0173 ilgaam\u017e\u0117. \u0160iai u\u017eduo\u010diai reikia skirti pakankamai laiko.<\/p>\n<\/div><\/section><\/p><\/div><div   class='hr hr-big   avia-builder-el-6  el_after_av_one_half  el_before_av_one_half '><span class='hr-inner ' ><span class='hr-inner-style'><\/span><\/span><\/div><\/p>\n<div class=\"flex_column av_one_half  flex_column_div first  avia-builder-el-7  el_after_av_hr  el_before_av_one_half  \" ><section class=\"av_textblock_section \"  itemscope=\"itemscope\" itemtype=\"https:\/\/schema.org\/CreativeWork\" ><div class='avia_textblock  '   itemprop=\"text\" ><h2 style=\"text-align: right;\">Svarbiausia u\u017eduotis \u2013 kapo sutvarkymas<\/h2>\n<\/div><\/section><br \/>\n<div   class='hr hr-short hr-right   avia-builder-el-9  el_after_av_textblock  el_before_av_textblock '><span class='hr-inner ' ><span class='hr-inner-style'><\/span><\/span><\/div><br \/>\n<section class=\"av_textblock_section \"  itemscope=\"itemscope\" itemtype=\"https:\/\/schema.org\/CreativeWork\" ><div class='avia_textblock  '   itemprop=\"text\" ><p style=\"text-align: left;\">\u00a0\u00a0 Nuo laidotuvi\u0173 pra\u0117jus kelioms savait\u0117ms, reik\u0117t\u0173 pa\u0161alinti vainikus, krep\u0161elius, g\u0117les ir \u017evakes. Po pusme\u010dio ar met\u0173 der\u0117t\u0173 \u012fvertinti ant kapo esan\u010dios \u017eem\u0117s kiek\u012f. Jei ji sukritusi, tr\u016bkumas u\u017epildomas nauja \u017eeme. Jei \u017eem\u0117s per daug, reikiamas kiekis nukasamas.<\/p>\n<p>\u00a0 Apvadai. Tai \u2013 b\u016btina detal\u0117, jei pasirenkamas kapo dengimas plok\u0161t\u0117mis ar skalda. Apvadai (borteliai) paprastai gaminami i\u0161 granito. Juos geriausia derinti su antkapiu, kitais kapo elementais. Apvadus taip pat galite puo\u0161ti skulpt\u016bromis, vazel\u0117mis ar \u017evakid\u0117mis.<\/p>\n<\/div><\/section><\/p><\/div><div class=\"flex_column av_one_half  flex_column_div   avia-builder-el-11  el_after_av_one_half  el_before_av_hr  \" ><div  class='avia-image-container avia_animated_image avia_animate_when_almost_visible right-to-left av-styling-    avia-builder-el-12  avia-builder-el-no-sibling  avia-align-center '  itemprop=\"image\" itemscope=\"itemscope\" itemtype=\"https:\/\/schema.org\/ImageObject\"  ><div class='avia-image-container-inner'><div class='avia-image-overlay-wrap'><img class='wp-image-16449 avia-img-lazy-loading-not-16449 avia_image' src=\"https:\/\/granito-plokstes.lt\/wp-content\/uploads\/2021\/01\/prieziura_kapo2-495x400.jpg\" alt='' title='prieziura_kapo2' height=\"400\" width=\"495\"  itemprop=\"thumbnailUrl\"  \/><\/div><\/div><\/div><\/div><div   class='hr hr-big   avia-builder-el-13  el_after_av_one_half  el_before_av_one_half '><span class='hr-inner ' ><span class='hr-inner-style'><\/span><\/span><\/div><\/p>\n<div class=\"flex_column av_one_half  flex_column_div first  avia-builder-el-14  el_after_av_hr  el_before_av_one_half  \" ><div  class='avia-image-container avia_animated_image avia_animate_when_almost_visible bottom-to-top av-styling-    avia-builder-el-15  avia-builder-el-no-sibling  avia-align-center '  itemprop=\"image\" itemscope=\"itemscope\" itemtype=\"https:\/\/schema.org\/ImageObject\"  ><div class='avia-image-container-inner'><div class='avia-image-overlay-wrap'><img class='wp-image-16450 avia-img-lazy-loading-not-16450 avia_image' src=\"https:\/\/granito-plokstes.lt\/wp-content\/uploads\/2021\/01\/suoliukas-495x329.jpg\" alt='' title='suoliukas' height=\"329\" width=\"495\"  itemprop=\"thumbnailUrl\"  \/><\/div><\/div><\/div><\/div><div class=\"flex_column av_one_half  flex_column_div   avia-builder-el-16  el_after_av_one_half  avia-builder-el-last  \" ><section class=\"av_textblock_section \"  itemscope=\"itemscope\" itemtype=\"https:\/\/schema.org\/CreativeWork\" ><div class='avia_textblock  '   itemprop=\"text\" ><h2>Pails\u0117ti prie kapo<\/h2>\n<\/div><\/section><br \/>\n<div   class='hr hr-short hr-left   avia-builder-el-18  el_after_av_textblock  el_before_av_textblock '><span class='hr-inner ' ><span class='hr-inner-style'><\/span><\/span><\/div><br \/>\n<section class=\"av_textblock_section \"  itemscope=\"itemscope\" itemtype=\"https:\/\/schema.org\/CreativeWork\" ><div class='avia_textblock  '   itemprop=\"text\" ><p>Suoliukai. Granitiniai suoleliai \u2013 patogi ir subtili kapaviet\u0117s detal\u0117. Ji ypatingai naudinga, jei kap\u0105 lanko vyresniojo am\u017eiaus, i\u0161 toliau atkeliav\u0119 artimieji. Suoliukus taip pat geriausia derinti prie visos kompozicijos.<\/p>\n<\/div><\/section><\/p><\/div><\/p>\n","protected":false},"excerpt":{"rendered":"","protected":false},"author":2,"featured_media":0,"parent":0,"menu_order":0,"comment_status":"closed","ping_status":"closed","template":"","meta":[],"yoast_head":"<!-- This site is optimized with the Yoast SEO Premium plugin v15.7 - https:\/\/yoast.com\/wordpress\/plugins\/seo\/ -->\n<title>Mes gaminame - Granito plok\u0161t\u0117s Granito plok\u0161t\u0117s, antkapiai, paminkl\u0173 gamyba | \u0413\u0440\u0430\u043d\u0438\u0442\u043d\u044b\u0435 \u043f\u043b\u0438\u0442\u044b \u0434\u043b\u044f \u043a\u043b\u0430\u0434\u0431\u0438\u0449\u0430<\/title>\n<meta name=\"description\" content=\"Granito plok\u0161t\u0117s, skalda, suoliukai, paminklai, statulos. Dirbame Lietuvoje ir Latvijoje. | \u041e\u0431\u043b\u0438\u0446\u043e\u0432\u043a\u0430 \u0437\u0430\u0445\u043e\u0440\u043e\u043d\u0435\u043d\u0438\u044f \u0433\u0440\u0430\u043d\u0438\u0442\u043d\u044b\u043c\u0438 \u043f\u043b\u0438\u0442\u0430\u043c\u0438, \u043e\u0433\u0440\u0430\u0434\u044b, \u043d\u0430\u0434\u0433\u0440\u043e\u0431\u0438\u044f, \u0438\u0437\u0433\u043e\u0442\u043e\u0432\u043b\u0435\u043d\u0438\u0435 \u043f\u0430\u043c\u044f\u0442\u043d\u0438\u043a\u043e\u0432\" \/>\n<meta name=\"robots\" content=\"index, follow, max-snippet:-1, max-image-preview:large, max-video-preview:-1\" \/>\n<link rel=\"canonical\" href=\"https:\/\/granito-plokstes.lt\/?page_id=821\" \/>\n<meta property=\"og:locale\" content=\"lt_LT\" \/>\n<meta property=\"og:type\" content=\"article\" \/>\n<meta property=\"og:title\" content=\"Mes gaminame - Granito plok\u0161t\u0117s Granito plok\u0161t\u0117s, antkapiai, paminkl\u0173 gamyba | \u0413\u0440\u0430\u043d\u0438\u0442\u043d\u044b\u0435 \u043f\u043b\u0438\u0442\u044b \u0434\u043b\u044f \u043a\u043b\u0430\u0434\u0431\u0438\u0449\u0430\" \/>\n<meta property=\"og:description\" content=\"Granito plok\u0161t\u0117s, skalda, suoliukai, paminklai, statulos. Dirbame Lietuvoje ir Latvijoje. | \u041e\u0431\u043b\u0438\u0446\u043e\u0432\u043a\u0430 \u0437\u0430\u0445\u043e\u0440\u043e\u043d\u0435\u043d\u0438\u044f \u0433\u0440\u0430\u043d\u0438\u0442\u043d\u044b\u043c\u0438 \u043f\u043b\u0438\u0442\u0430\u043c\u0438, \u043e\u0433\u0440\u0430\u0434\u044b, \u043d\u0430\u0434\u0433\u0440\u043e\u0431\u0438\u044f, \u0438\u0437\u0433\u043e\u0442\u043e\u0432\u043b\u0435\u043d\u0438\u0435 \u043f\u0430\u043c\u044f\u0442\u043d\u0438\u043a\u043e\u0432\" \/>\n<meta property=\"og:url\" content=\"https:\/\/granito-plokstes.lt\/?page_id=821\" \/>\n<meta property=\"og:site_name\" content=\"Granito plok\u0161t\u0117s\" \/>\n<meta property=\"article:publisher\" content=\"https:\/\/www.facebook.com\/1paminklai\" \/>\n<meta property=\"article:modified_time\" content=\"2023-10-02T11:58:38+00:00\" \/>\n<meta name=\"twitter:card\" content=\"summary_large_image\" \/>\n<meta name=\"twitter:label1\" content=\"Est. reading time\">\n\t<meta name=\"twitter:data1\" content=\"2 minut\u0117s\">\n<script type=\"application\/ld+json\" class=\"yoast-schema-graph\">{\"@context\":\"https:\/\/schema.org\",\"@graph\":[{\"@type\":\"Organization\",\"@id\":\"https:\/\/granito-plokstes.lt\/#organization\",\"name\":\"Granito plok\\u0161t\\u0117s, paminklai, plytel\\u0117s, skalda\",\"url\":\"https:\/\/granito-plokstes.lt\/\",\"sameAs\":[\"https:\/\/www.facebook.com\/1paminklai\"],\"logo\":{\"@type\":\"ImageObject\",\"@id\":\"https:\/\/granito-plokstes.lt\/#logo\",\"inLanguage\":\"lt-LT\",\"url\":\"https:\/\/granito-plokstes.lt\/wp-content\/uploads\/2021\/01\/granito_plokstes_logo2.png\",\"width\":350,\"height\":218,\"caption\":\"Granito plok\\u0161t\\u0117s, paminklai, plytel\\u0117s, skalda\"},\"image\":{\"@id\":\"https:\/\/granito-plokstes.lt\/#logo\"}},{\"@type\":\"WebSite\",\"@id\":\"https:\/\/granito-plokstes.lt\/#website\",\"url\":\"https:\/\/granito-plokstes.lt\/\",\"name\":\"Granito plok\\u0161t\\u0117s\",\"description\":\"Mes galime j\\u016bs\\u0173 vizija paversti realybe\",\"publisher\":{\"@id\":\"https:\/\/granito-plokstes.lt\/#organization\"},\"potentialAction\":[{\"@type\":\"SearchAction\",\"target\":\"https:\/\/granito-plokstes.lt\/?s={search_term_string}\",\"query-input\":\"required name=search_term_string\"}],\"inLanguage\":\"lt-LT\"},{\"@type\":\"WebPage\",\"@id\":\"https:\/\/granito-plokstes.lt\/?page_id=821#webpage\",\"url\":\"https:\/\/granito-plokstes.lt\/?page_id=821\",\"name\":\"Mes gaminame - Granito plok\\u0161t\\u0117s Granito plok\\u0161t\\u0117s, antkapiai, paminkl\\u0173 gamyba | \\u0413\\u0440\\u0430\\u043d\\u0438\\u0442\\u043d\\u044b\\u0435 \\u043f\\u043b\\u0438\\u0442\\u044b \\u0434\\u043b\\u044f \\u043a\\u043b\\u0430\\u0434\\u0431\\u0438\\u0449\\u0430\",\"isPartOf\":{\"@id\":\"https:\/\/granito-plokstes.lt\/#website\"},\"datePublished\":\"2021-01-19T20:36:40+00:00\",\"dateModified\":\"2023-10-02T11:58:38+00:00\",\"description\":\"Granito plok\\u0161t\\u0117s, skalda, suoliukai, paminklai, statulos. Dirbame Lietuvoje ir Latvijoje. | \\u041e\\u0431\\u043b\\u0438\\u0446\\u043e\\u0432\\u043a\\u0430 \\u0437\\u0430\\u0445\\u043e\\u0440\\u043e\\u043d\\u0435\\u043d\\u0438\\u044f \\u0433\\u0440\\u0430\\u043d\\u0438\\u0442\\u043d\\u044b\\u043c\\u0438 \\u043f\\u043b\\u0438\\u0442\\u0430\\u043c\\u0438, \\u043e\\u0433\\u0440\\u0430\\u0434\\u044b, \\u043d\\u0430\\u0434\\u0433\\u0440\\u043e\\u0431\\u0438\\u044f, \\u0438\\u0437\\u0433\\u043e\\u0442\\u043e\\u0432\\u043b\\u0435\\u043d\\u0438\\u0435 \\u043f\\u0430\\u043c\\u044f\\u0442\\u043d\\u0438\\u043a\\u043e\\u0432\",\"inLanguage\":\"lt-LT\",\"potentialAction\":[{\"@type\":\"ReadAction\",\"target\":[\"https:\/\/granito-plokstes.lt\/?page_id=821\"]}]}]}<\/script>\n<!-- \/ Yoast SEO Premium plugin. -->","_links":{"self":[{"href":"https:\/\/granito-plokstes.lt\/index.php?rest_route=\/wp\/v2\/pages\/821"}],"collection":[{"href":"https:\/\/granito-plokstes.lt\/index.php?rest_route=\/wp\/v2\/pages"}],"about":[{"href":"https:\/\/granito-plokstes.lt\/index.php?rest_route=\/wp\/v2\/types\/page"}],"author":[{"embeddable":true,"href":"https:\/\/granito-plokstes.lt\/index.php?rest_route=\/wp\/v2\/users\/2"}],"replies":[{"embeddable":true,"href":"https:\/\/granito-plokstes.lt\/index.php?rest_route=%2Fwp%2Fv2%2Fcomments&post=821"}],"version-history":[{"count":7,"href":"https:\/\/granito-plokstes.lt\/index.php?rest_route=\/wp\/v2\/pages\/821\/revisions"}],"predecessor-version":[{"id":16451,"href":"https:\/\/granito-plokstes.lt\/index.php?rest_route=\/wp\/v2\/pages\/821\/revisions\/16451"}],"wp:attachment":[{"href":"https:\/\/granito-plokstes.lt\/index.php?rest_route=%2Fwp%2Fv2%2Fmedia&parent=821"}],"curies":[{"name":"wp","href":"https:\/\/api.w.org\/{rel}","templated":true}]}}